{"id":1995,"date":"2025-08-10T17:33:43","date_gmt":"2025-08-10T17:33:43","guid":{"rendered":"https:\/\/physimed.com\/?page_id=1995"},"modified":"2025-08-26T18:53:06","modified_gmt":"2025-08-26T18:53:06","slug":"career-detail-page","status":"publish","type":"page","link":"https:\/\/physimed.com\/en\/career-detail-page\/","title":{"rendered":"Career Detail Page"},"content":{"rendered":"\t\t<div data-elementor-type=\"wp-page\" data-elementor-id=\"1995\" class=\"elementor elementor-1995\" data-elementor-post-type=\"page\">\n\t\t\t\t<div class=\"elementor-element elementor-element-50b25c3 e-flex e-con-boxed e-con e-parent\" data-id=\"50b25c3\" data-element_type=\"container\" data-e-type=\"container\" data-settings=\"{&quot;background_background&quot;:&quot;classic&quot;}\">\n\t\t\t\t\t<div class=\"e-con-inner\">\n\t\t<div class=\"elementor-element elementor-element-3a7fe9e e-con-full e-flex e-con e-child\" data-id=\"3a7fe9e\" data-element_type=\"container\" data-e-type=\"container\">\n\t\t\t\t<div class=\"elementor-element elementor-element-c897773 elementor-widget elementor-widget-heading\" data-id=\"c897773\" data-element_type=\"widget\" data-e-type=\"widget\" data-widget_type=\"heading.default\">\n\t\t\t\t\t<h1 class=\"elementor-heading-title elementor-size-default\">La clinique Physimed est \u00e0 la recherche d\u2019un(e) agent (e) centre d\u2019appel<\/h1>\t\t\t\t<\/div>\n\t\t\t\t<\/div>\n\t\t\t\t\t<\/div>\n\t\t\t\t<\/div>\n\t\t<div class=\"elementor-element elementor-element-268a34b e-flex e-con-boxed e-con e-parent\" data-id=\"268a34b\" data-element_type=\"container\" data-e-type=\"container\" data-settings=\"{&quot;motion_fx_motion_fx_scrolling&quot;:&quot;yes&quot;,&quot;motion_fx_devices&quot;:[&quot;desktop&quot;,&quot;tablet&quot;,&quot;mobile&quot;]}\">\n\t\t\t\t\t<div class=\"e-con-inner\">\n\t\t\t\t<div class=\"elementor-element elementor-element-37ca2e9 elementor-widget elementor-widget-heading\" data-id=\"37ca2e9\" data-element_type=\"widget\" data-e-type=\"widget\" data-widget_type=\"heading.default\">\n\t\t\t\t\t<h2 class=\"elementor-heading-title elementor-size-default\">Joignez-vous \u00e0 l\u2019\u00e9quipe de Physimed<\/h2>\t\t\t\t<\/div>\n\t\t\t\t<div class=\"elementor-element elementor-element-e58f74a elementor-widget elementor-widget-text-editor\" data-id=\"e58f74a\" data-element_type=\"widget\" data-e-type=\"widget\" data-widget_type=\"text-editor.default\">\n\t\t\t\t\t\t\t\t\t<p>Nous recherchons un(e) Agent(e) Service \u00e0 la Client\u00e8le dynamique pour rejoindre notre \u00e9quipe au centre d&rsquo;appel de notre clinique m\u00e9dico-esth\u00e9tique. Ce poste est \u00e0 temps plein et n\u00e9cessite une ma\u00eetrise compl\u00e8te du fran\u00e7ais et de l&rsquo;anglais, tant \u00e0 l&rsquo;oral qu&rsquo;\u00e0 l&rsquo;\u00e9crit.<\/p>\t\t\t\t\t\t\t\t<\/div>\n\t\t\t\t\t<\/div>\n\t\t\t\t<\/div>\n\t\t<div class=\"elementor-element elementor-element-d1e2d13 e-flex e-con-boxed e-con e-parent\" data-id=\"d1e2d13\" data-element_type=\"container\" data-e-type=\"container\">\n\t\t\t\t\t<div class=\"e-con-inner\">\n\t\t<div class=\"elementor-element elementor-element-7d36444 e-con-full e-flex e-con e-child\" data-id=\"7d36444\" data-element_type=\"container\" data-e-type=\"container\" data-settings=\"{&quot;background_background&quot;:&quot;classic&quot;}\">\n\t\t\t\t<\/div>\n\t\t<div class=\"elementor-element elementor-element-5597bb7 e-con-full e-flex e-con e-child\" data-id=\"5597bb7\" data-element_type=\"container\" data-e-type=\"container\">\n\t\t\t\t<div class=\"elementor-element elementor-element-b2c8365 elementor-widget elementor-widget-heading\" data-id=\"b2c8365\" data-element_type=\"widget\" data-e-type=\"widget\" data-widget_type=\"heading.default\">\n\t\t\t\t\t<h2 class=\"elementor-heading-title elementor-size-default\">Responsabilit\u00e9s :<\/h2>\t\t\t\t<\/div>\n\t\t\t\t<div class=\"elementor-element elementor-element-2212d2d elementor-widget elementor-widget-text-editor\" data-id=\"2212d2d\" data-element_type=\"widget\" data-e-type=\"widget\" data-widget_type=\"text-editor.default\">\n\t\t\t\t\t\t\t\t\t<ul><li>R\u00e9pondre aux appels entrants et sortants des clients avec professionnalisme et empathie.<\/li><li>Planifier les rendez-vous pour les traitements m\u00e9dico-esth\u00e9tiques selon les disponibilit\u00e9s.<\/li><li>Fournir des informations d\u00e9taill\u00e9es sur nos services et produits.<\/li><li>Assurer un suivi efficace des demandes et des plaintes des clients.<\/li><\/ul>\t\t\t\t\t\t\t\t<\/div>\n\t\t\t\t<\/div>\n\t\t\t\t\t<\/div>\n\t\t\t\t<\/div>\n\t\t<div class=\"elementor-element elementor-element-c31bd4d e-flex e-con-boxed e-con e-parent\" data-id=\"c31bd4d\" data-element_type=\"container\" data-e-type=\"container\">\n\t\t\t\t\t<div class=\"e-con-inner\">\n\t\t\t\t<div class=\"elementor-element elementor-element-2942d62 elementor-widget-divider--view-line elementor-widget elementor-widget-divider\" data-id=\"2942d62\" data-element_type=\"widget\" data-e-type=\"widget\" data-widget_type=\"divider.default\">\n\t\t\t\t\t\t\t<div class=\"elementor-divider\">\n\t\t\t<span class=\"elementor-divider-separator\">\n\t\t\t\t\t\t<\/span>\n\t\t<\/div>\n\t\t\t\t\t\t<\/div>\n\t\t\t\t\t<\/div>\n\t\t\t\t<\/div>\n\t\t<div class=\"elementor-element elementor-element-489cb88 e-flex e-con-boxed e-con e-parent\" data-id=\"489cb88\" data-element_type=\"container\" data-e-type=\"container\">\n\t\t\t\t\t<div class=\"e-con-inner\">\n\t\t\t\t<div class=\"elementor-element elementor-element-709cd6d elementor-widget elementor-widget-heading\" data-id=\"709cd6d\" data-element_type=\"widget\" data-e-type=\"widget\" data-widget_type=\"heading.default\">\n\t\t\t\t\t<h2 class=\"elementor-heading-title elementor-size-default\">Exigences :<\/h2>\t\t\t\t<\/div>\n\t\t\t\t\t<\/div>\n\t\t\t\t<\/div>\n\t\t<div class=\"elementor-element elementor-element-35cf062 e-flex e-con-boxed e-con e-parent\" data-id=\"35cf062\" data-element_type=\"container\" data-e-type=\"container\">\n\t\t\t\t\t<div class=\"e-con-inner\">\n\t\t\t\t<div class=\"elementor-element elementor-element-31d6113 elementor-widget elementor-widget-text-editor\" data-id=\"31d6113\" data-element_type=\"widget\" data-e-type=\"widget\" data-widget_type=\"text-editor.default\">\n\t\t\t\t\t\t\t\t\t<ul><li>Exp\u00e9rience pr\u00e9alable dans un r\u00f4le similaire, de pr\u00e9f\u00e9rence dans le secteur <strong>m\u00e9dical ou esth\u00e9tique.<\/strong><\/li><li>Excellentes comp\u00e9tences en communication et capacit\u00e9 \u00e0 g\u00e9rer plusieurs t\u00e2ches simultan\u00e9ment.<\/li><li>Connaissance des logiciels de gestion des rendez-vous et des bases de donn\u00e9es clients.<\/li><li>Capacit\u00e9 \u00e0 travailler de mani\u00e8re autonome et en \u00e9quipe.<\/li><li>Horaire 8 \u00e0 17 heures lundi au vendredi.<\/li><\/ul>\t\t\t\t\t\t\t\t<\/div>\n\t\t\t\t\t<\/div>\n\t\t\t\t<\/div>\n\t\t<div class=\"elementor-element elementor-element-ac0175b e-flex e-con-boxed e-con e-parent\" data-id=\"ac0175b\" data-element_type=\"container\" data-e-type=\"container\">\n\t\t\t\t\t<div class=\"e-con-inner\">\n\t\t\t\t<div class=\"elementor-element elementor-element-c0084fe elementor-widget-divider--view-line elementor-widget elementor-widget-divider\" data-id=\"c0084fe\" data-element_type=\"widget\" data-e-type=\"widget\" data-widget_type=\"divider.default\">\n\t\t\t\t\t\t\t<div class=\"elementor-divider\">\n\t\t\t<span class=\"elementor-divider-separator\">\n\t\t\t\t\t\t<\/span>\n\t\t<\/div>\n\t\t\t\t\t\t<\/div>\n\t\t\t\t\t<\/div>\n\t\t\t\t<\/div>\n\t\t<div class=\"elementor-element elementor-element-104f25e e-flex e-con-boxed e-con e-parent\" data-id=\"104f25e\" data-element_type=\"container\" data-e-type=\"container\">\n\t\t\t\t\t<div class=\"e-con-inner\">\n\t\t\t\t<div class=\"elementor-element elementor-element-7056419 elementor-widget elementor-widget-heading\" data-id=\"7056419\" data-element_type=\"widget\" data-e-type=\"widget\" data-widget_type=\"heading.default\">\n\t\t\t\t\t<h2 class=\"elementor-heading-title elementor-size-default\">Ce que Physimed vous offre<\/h2>\t\t\t\t<\/div>\n\t\t\t\t\t<\/div>\n\t\t\t\t<\/div>\n\t\t<div class=\"elementor-element elementor-element-f2e51f2 e-flex e-con-boxed e-con e-parent\" data-id=\"f2e51f2\" data-element_type=\"container\" data-e-type=\"container\">\n\t\t\t\t\t<div class=\"e-con-inner\">\n\t\t\t\t<div class=\"elementor-element elementor-element-49cbb1d elementor-widget elementor-widget-text-editor\" data-id=\"49cbb1d\" data-element_type=\"widget\" data-e-type=\"widget\" data-widget_type=\"text-editor.default\">\n\t\t\t\t\t\t\t\t\t<ul><li>Salaire comp\u00e9titif avec opportunit\u00e9s d&rsquo;avancement.<\/li><li>Environnement de travail stimulant et ax\u00e9 sur le d\u00e9veloppement professionnel.<\/li><li>Formation continue et soutien pour am\u00e9liorer vos comp\u00e9tences.<\/li><\/ul><p>\u00a0<\/p><p>Joignez-vous \u00e0 une \u00e9quipe passionn\u00e9e qui valorise le service \u00e0 la client\u00e8le exceptionnel et l&rsquo;innovation dans les soins m\u00e9dico-esth\u00e9tiques. Envoyez votre CV et lettre de motivation \u00e0 <strong>srezaian@physimed.com<\/strong> pour postuler d\u00e8s aujourd&rsquo;hui!<\/p><p><em>Nous remercions tous les candidats pour leur int\u00e9r\u00eat. Seuls les candidats s\u00e9lectionn\u00e9s pour une entrevue seront contact\u00e9s.<\/em><\/p><p>\u00a0<\/p><p><strong>Type d&#8217;emploi<\/strong> : Temps Plein<\/p><p><strong>Avantages: <\/strong>Assurance Dentaire- Assurance Maladie Compl\u00e9mentaire &#8211; Cong\u00e9s pay\u00e9s<\/p><p><strong>Horaire<\/strong>: Du Lundi au Vendredi<\/p><p><strong>Formation<\/strong>: DEC (Souhait\u00e9)<\/p><p><strong>Exp\u00e9rience<\/strong>: Service \u00e0 la client\u00e8le: 1\u00a0an (Souhait\u00e9)<\/p><p><strong>Lieu du poste<\/strong> : En pr\u00e9sentiel<\/p><p><strong>\u00a0<\/strong><\/p>\t\t\t\t\t\t\t\t<\/div>\n\t\t\t\t\t<\/div>\n\t\t\t\t<\/div>\n\t\t<div class=\"elementor-element elementor-element-e2b8da4 e-flex e-con-boxed e-con e-parent\" data-id=\"e2b8da4\" data-element_type=\"container\" data-e-type=\"container\">\n\t\t\t\t\t<div class=\"e-con-inner\">\n\t\t\t\t<div class=\"elementor-element elementor-element-3c6039b elementor-widget-divider--view-line elementor-widget elementor-widget-divider\" data-id=\"3c6039b\" data-element_type=\"widget\" data-e-type=\"widget\" data-widget_type=\"divider.default\">\n\t\t\t\t\t\t\t<div class=\"elementor-divider\">\n\t\t\t<span class=\"elementor-divider-separator\">\n\t\t\t\t\t\t<\/span>\n\t\t<\/div>\n\t\t\t\t\t\t<\/div>\n\t\t\t\t\t<\/div>\n\t\t\t\t<\/div>\n\t\t<div class=\"elementor-element elementor-element-ac02e83 e-flex e-con-boxed e-con e-parent\" data-id=\"ac02e83\" data-element_type=\"container\" data-e-type=\"container\" data-settings=\"{&quot;background_background&quot;:&quot;classic&quot;}\">\n\t\t\t\t\t<div class=\"e-con-inner\">\n\t\t\t\t<div class=\"elementor-element elementor-element-4d406dd elementor-widget elementor-widget-heading\" data-id=\"4d406dd\" data-element_type=\"widget\" data-e-type=\"widget\" data-widget_type=\"heading.default\">\n\t\t\t\t\t<h2 class=\"elementor-heading-title elementor-size-default\">Postuler pour ce poste<\/h2>\t\t\t\t<\/div>\n\t\t\t\t<div class=\"elementor-element elementor-element-7c216b0 elementor-widget-divider--separator-type-pattern elementor-widget-divider--view-line elementor-widget elementor-widget-divider\" data-id=\"7c216b0\" data-element_type=\"widget\" data-e-type=\"widget\" data-widget_type=\"divider.default\">\n\t\t\t\t\t\t\t<div class=\"elementor-divider\" style=\"--divider-pattern-url: url(&quot;data:image\/svg+xml,%3Csvg xmlns=&#039;http:\/\/www.w3.org\/2000\/svg&#039; preserveAspectRatio=&#039;none&#039; overflow=&#039;visible&#039; height=&#039;100%&#039; viewBox=&#039;0 0 24 24&#039; fill=&#039;black&#039; stroke=&#039;none&#039;%3E%3Cpath d=&#039;M12.7,2.3c-0.4-0.4-1.1-0.4-1.5,0l-8,9.1c-0.3,0.4-0.3,0.9,0,1.2l8,9.1c0.4,0.4,1.1,0.4,1.5,0l8-9.1c0.3-0.4,0.3-0.9,0-1.2L12.7,2.3z&#039;\/%3E%3C\/svg%3E&quot;);\">\n\t\t\t<span class=\"elementor-divider-separator\">\n\t\t\t\t\t\t<\/span>\n\t\t<\/div>\n\t\t\t\t\t\t<\/div>\n\t\t\t\t<div class=\"elementor-element elementor-element-da0de28 elementor-widget elementor-widget-shortcode\" data-id=\"da0de28\" data-element_type=\"widget\" data-e-type=\"widget\" data-widget_type=\"shortcode.default\">\n\t\t\t\t\t\t\t<div class=\"elementor-shortcode\"><div class='fluentform ff-default fluentform_wrapper_8 ffs_default_wrap'><form data-form_id=\"8\" id=\"fluentform_8\" class=\"frm-fluent-form fluent_form_8 ff-el-form-top ff_form_instance_8_1 ff-form-loading ffs_default\" data-form_instance=\"ff_form_instance_8_1\" method=\"POST\" ><fieldset  style=\"border: none!important;margin: 0!important;padding: 0!important;background-color: transparent!important;box-shadow: none!important;outline: none!important; min-inline-size: 100%;\">\n                    <legend class=\"ff_screen_reader_title\" style=\"display: block; margin: 0!important;padding: 0!important;height: 0!important;text-indent: -999999px;width: 0!important;overflow:hidden;\">Career Form<\/legend><input type='hidden' name='__fluent_form_embded_post_id' value='1995' \/><input type=\"hidden\" id=\"_fluentform_8_fluentformnonce\" name=\"_fluentform_8_fluentformnonce\" value=\"08f99fce85\" \/><input type=\"hidden\" name=\"_wp_http_referer\" value=\"\/en\/wp-json\/wp\/v2\/pages\/1995\" \/><div data-type=\"name-element\" data-name=\"names\" class=\" ff-field_container ff-name-field-wrapper\" ><div class='ff-t-container'><div class='ff-t-cell '><div class='ff-el-group ff-el-form-top'><div class=\"ff-el-input--label asterisk-right\"><label for='ff_8_names_first_name_' id='label_ff_8_names_first_name_' >First Name<\/label><\/div><div class='ff-el-input--content'><input type=\"text\" name=\"names[first_name]\" id=\"ff_8_names_first_name_\" class=\"ff-el-form-control\" placeholder=\"Enter Your First Name\" aria-invalid=\"false\" aria-required=false><\/div><\/div><\/div><div class='ff-t-cell '><div class='ff-el-group ff-el-form-top'><div class=\"ff-el-input--label asterisk-right\"><label for='ff_8_names_last_name_' id='label_ff_8_names_last_name_' >Last Name<\/label><\/div><div class='ff-el-input--content'><input type=\"text\" name=\"names[last_name]\" id=\"ff_8_names_last_name_\" class=\"ff-el-form-control\" placeholder=\"Enter Your Last Name\" aria-invalid=\"false\" aria-required=false><\/div><\/div><\/div><\/div><\/div><div class='ff-el-group'><div class=\"ff-el-input--label ff-el-is-required asterisk-right\"><label for='ff_8_email' id='label_ff_8_email' aria-label=\"Email\">Email<\/label><\/div><div class='ff-el-input--content'><input type=\"email\" name=\"email\" id=\"ff_8_email\" class=\"ff-el-form-control\" placeholder=\"Email Address\" data-name=\"email\"  aria-invalid=\"false\" aria-required=true><\/div><\/div><div class='ff-el-group'><div class=\"ff-el-input--label asterisk-right\"><label for='ff_8_phone' id='label_ff_8_phone' aria-label=\"Phone\/Mobile\">Phone\/Mobile<\/label><\/div><div class='ff-el-input--content'><input name=\"phone\" class=\"ff-el-form-control ff-el-phone\" type=\"tel\" placeholder=\"Mobile Number\" data-name=\"phone\" id=\"ff_8_phone\" inputmode=\"tel\"  aria-invalid='false' aria-required=false><\/div><\/div><div class='ff-el-group'><div class=\"ff-el-input--label asterisk-right\"><label for='ff_8_input_text' id='label_ff_8_input_text' aria-label=\"LInkedin\">LInkedin<\/label><\/div><div class='ff-el-input--content'><input type=\"text\" name=\"input_text\" class=\"ff-el-form-control\" data-name=\"input_text\" id=\"ff_8_input_text\"  aria-invalid=\"false\" aria-required=false><\/div><\/div><div class='ff-el-group'><div class=\"ff-el-input--label ff-el-is-required asterisk-right\"><label for='ff_8_dropdown' id='label_ff_8_dropdown' aria-label=\"Apply For\">Apply For<\/label><\/div><div class='ff-el-input--content'><select name=\"dropdown\" id=\"ff_8_dropdown\" class=\"ff-el-form-control\" data-name=\"dropdown\" data-calc_value=\"0\"  aria-invalid=\"false\" aria-required=\"true\" aria-labelledby=\"label_ff_8_dropdown\"><option value=\"\">- Select -<\/option><option value=\"Doctor\"  >Doctor<\/option><option value=\"Nurse\"  >Nurse<\/option><\/select><\/div><\/div><div class='ff-el-group'><div class=\"ff-el-input--label asterisk-right\"><label for='ff_8_file-upload_1' id='label_ff_8_file-upload_1' aria-label=\"Your Resume\">Your Resume<\/label><\/div><div class='ff-el-input--content'><label for='ff_8_file-upload_1' class='ff_file_upload_holder'><span class='ff_upload_btn ff-btn' tabindex='0'>Choose File<\/span> <input type=\"file\" name=\"file-upload\" id=\"ff_8_file-upload_1\" class=\"ff-el-form-control  ff-screen-reader-element\" data-name=\"file-upload\" multiple=\"1\"  aria-invalid='false' aria-required=false><\/label><\/div><\/div><div class='ff-el-group'><div class=\"ff-el-input--label asterisk-right\"><label for='ff_8_description' id='label_ff_8_description' aria-label=\"Additional Information\">Additional Information<\/label><\/div><div class='ff-el-input--content'><textarea aria-required=\"false\" aria-labelledby=\"label_ff_8_description\" name=\"description\" id=\"ff_8_description\" class=\"ff-el-form-control\" rows=\"3\" cols=\"2\" data-name=\"description\" ><\/textarea><\/div><\/div><div class='ff-el-group ff-text-left ff_submit_btn_wrapper'><button type=\"submit\" class=\"ff-btn ff-btn-submit ff-btn-md ff_btn_style\"  aria-label=\"Submit Form\">Submit Form<\/button><\/div><\/fieldset><input\n                    class=\"apbct_special_field apbct_email_id__elementor_form\"\n                    name=\"apbct__email_id__elementor_form\"\n                    aria-label=\"apbct__label_id__elementor_form\"\n                    type=\"text\" size=\"30\" maxlength=\"200\" autocomplete=\"off\"\n                    value=\"\"\n                \/><\/form><div id='fluentform_8_errors' class='ff-errors-in-stack ff_form_instance_8_1 ff-form-loading_errors ff_form_instance_8_1_errors'><\/div><\/div>            <script type=\"text\/javascript\">\n                window.fluent_form_ff_form_instance_8_1 = {\"id\":\"8\",\"settings\":{\"layout\":{\"labelPlacement\":\"top\",\"asteriskPlacement\":\"asterisk-right\",\"helpMessagePlacement\":\"with_label\",\"errorMessagePlacement\":\"inline\",\"cssClassName\":\"\"},\"restrictions\":{\"denyEmptySubmission\":{\"enabled\":false}}},\"form_instance\":\"ff_form_instance_8_1\",\"form_id_selector\":\"fluentform_8\",\"rules\":{\"names[first_name]\":{\"required\":{\"value\":false,\"message\":\"This field is required\",\"global_message\":\"This field is required\",\"global\":true}},\"names[middle_name]\":{\"required\":{\"value\":false,\"message\":\"This field is required\",\"global_message\":\"This field is required\",\"global\":true}},\"names[last_name]\":{\"required\":{\"value\":false,\"message\":\"This field is required\",\"global_message\":\"This field is required\",\"global\":true}},\"email\":{\"required\":{\"value\":true,\"message\":\"This field is required\",\"global_message\":\"This field is required\",\"global\":true},\"email\":{\"value\":true,\"message\":\"This field must contain a valid email\",\"global_message\":\"This field must contain a valid email\",\"global\":true}},\"phone\":{\"required\":{\"value\":false,\"global\":true,\"message\":\"This field is required\",\"global_message\":\"This field is required\"},\"valid_phone_number\":{\"value\":false,\"global\":true,\"message\":\"Phone number is not valid\",\"global_message\":\"Phone number is not valid\"}},\"input_text\":{\"required\":{\"value\":false,\"message\":\"This field is required\",\"global_message\":\"This field is required\",\"global\":true}},\"dropdown\":{\"required\":{\"value\":true,\"message\":\"This field is required\",\"global_message\":\"This field is required\",\"global\":true}},\"file-upload\":{\"required\":{\"value\":false,\"message\":\"This field is required\",\"global_message\":\"This field is required\",\"global\":true},\"max_file_size\":{\"value\":1048576,\"_valueFrom\":\"MB\",\"message\":\"Validation fails for maximum file size\",\"global_message\":\"Validation fails for maximum file size\",\"global\":true},\"max_file_count\":{\"value\":1,\"message\":\"Validation fails for maximum file count\",\"global_message\":\"Validation fails for maximum file count\",\"global\":true},\"allowed_file_types\":{\"value\":[],\"message\":\"Invalid file type\",\"global_message\":\"Invalid file type\",\"global\":true}},\"description\":{\"required\":{\"value\":false,\"message\":\"This field is required\",\"global_message\":\"This field is required\",\"global\":true}}},\"debounce_time\":300};\n                            <\/script>\n            <\/div>\n\t\t\t\t\t\t<\/div>\n\t\t\t\t\t<\/div>\n\t\t\t\t<\/div>\n\t\t\t\t<\/div>\n\t\t","protected":false},"excerpt":{"rendered":"<p>La clinique Physimed est \u00e0 la recherche d\u2019un(e) agent (e) centre d\u2019appel Joignez-vous \u00e0 l\u2019\u00e9quipe de Physimed Nous recherchons un(e) Agent(e) Service \u00e0 la Client\u00e8le dynamique pour rejoindre notre \u00e9quipe au centre d&rsquo;appel de notre clinique m\u00e9dico-esth\u00e9tique. Ce poste est \u00e0 temps plein et n\u00e9cessite une ma\u00eetrise compl\u00e8te du fran\u00e7ais et de l&rsquo;anglais, tant \u00e0 [&hellip;]<\/p>\n","protected":false},"author":1,"featured_media":0,"parent":0,"menu_order":0,"comment_status":"closed","ping_status":"closed","template":"","meta":{"footnotes":""},"class_list":["post-1995","page","type-page","status-publish","hentry"],"_links":{"self":[{"href":"https:\/\/physimed.com\/en\/wp-json\/wp\/v2\/pages\/1995","targetHints":{"allow":["GET"]}}],"collection":[{"href":"https:\/\/physimed.com\/en\/wp-json\/wp\/v2\/pages"}],"about":[{"href":"https:\/\/physimed.com\/en\/wp-json\/wp\/v2\/types\/page"}],"author":[{"embeddable":true,"href":"https:\/\/physimed.com\/en\/wp-json\/wp\/v2\/users\/1"}],"replies":[{"embeddable":true,"href":"https:\/\/physimed.com\/en\/wp-json\/wp\/v2\/comments?post=1995"}],"version-history":[{"count":43,"href":"https:\/\/physimed.com\/en\/wp-json\/wp\/v2\/pages\/1995\/revisions"}],"predecessor-version":[{"id":2893,"href":"https:\/\/physimed.com\/en\/wp-json\/wp\/v2\/pages\/1995\/revisions\/2893"}],"wp:attachment":[{"href":"https:\/\/physimed.com\/en\/wp-json\/wp\/v2\/media?parent=1995"}],"curies":[{"name":"wp","href":"https:\/\/api.w.org\/{rel}","templated":true}]}}