{"id":2101,"date":"2025-08-13T13:48:16","date_gmt":"2025-08-13T13:48:16","guid":{"rendered":"https:\/\/physimed.com\/?page_id=2101"},"modified":"2025-08-27T19:47:38","modified_gmt":"2025-08-27T19:47:38","slug":"laboratory","status":"publish","type":"page","link":"https:\/\/physimed.com\/en\/laboratoire\/","title":{"rendered":"Services"},"content":{"rendered":"\t\t<div data-elementor-type=\"wp-page\" data-elementor-id=\"2101\" class=\"elementor elementor-2101\" data-elementor-post-type=\"page\">\n\t\t\t\t<div class=\"elementor-element elementor-element-50b25c3 e-flex e-con-boxed e-con e-parent\" data-id=\"50b25c3\" data-element_type=\"container\" data-e-type=\"container\" data-settings=\"{&quot;background_background&quot;:&quot;classic&quot;}\">\n\t\t\t\t\t<div class=\"e-con-inner\">\n\t\t<div class=\"elementor-element elementor-element-3a7fe9e e-con-full e-flex e-con e-child\" data-id=\"3a7fe9e\" data-element_type=\"container\" data-e-type=\"container\">\n\t\t\t\t<div class=\"elementor-element elementor-element-c897773 elementor-widget elementor-widget-heading\" data-id=\"c897773\" data-element_type=\"widget\" data-e-type=\"widget\" data-widget_type=\"heading.default\">\n\t\t\t\t\t<h1 class=\"elementor-heading-title elementor-size-default\"> Services de Laboratoire<br>   Tests Rapides et Fiables\n<\/h1>\t\t\t\t<\/div>\n\t\t\t\t<\/div>\n\t\t\t\t\t<\/div>\n\t\t\t\t<\/div>\n\t\t<div class=\"elementor-element elementor-element-268a34b e-flex e-con-boxed e-con e-parent\" data-id=\"268a34b\" data-element_type=\"container\" data-e-type=\"container\" data-settings=\"{&quot;motion_fx_motion_fx_scrolling&quot;:&quot;yes&quot;,&quot;motion_fx_devices&quot;:[&quot;desktop&quot;,&quot;tablet&quot;,&quot;mobile&quot;]}\">\n\t\t\t\t\t<div class=\"e-con-inner\">\n\t\t\t\t<div class=\"elementor-element elementor-element-37ca2e9 elementor-widget elementor-widget-heading\" data-id=\"37ca2e9\" data-element_type=\"widget\" data-e-type=\"widget\" data-widget_type=\"heading.default\">\n\t\t\t\t\t<h2 class=\"elementor-heading-title elementor-size-default\">Physimed Offre<br>  Des Pr\u00e9l\u00e8vements Sanguins et Urinaires Sur Place Pour Analyses<\/h2>\t\t\t\t<\/div>\n\t\t\t\t\t<\/div>\n\t\t\t\t<\/div>\n\t\t<div class=\"elementor-element elementor-element-fe338af e-flex e-con-boxed e-con e-parent\" data-id=\"fe338af\" data-element_type=\"container\" data-e-type=\"container\">\n\t\t\t\t\t<div class=\"e-con-inner\">\n\t\t<div class=\"elementor-element elementor-element-70cd566 e-con-full e-flex e-con e-child\" data-id=\"70cd566\" data-element_type=\"container\" data-e-type=\"container\">\n\t\t\t\t<div class=\"elementor-element elementor-element-0d1a2c2 elementor-widget elementor-widget-text-editor\" data-id=\"0d1a2c2\" data-element_type=\"widget\" data-e-type=\"widget\" data-widget_type=\"text-editor.default\">\n\t\t\t\t\t\t\t\t\t<p><span style=\"font-weight: 400;\"> \u00a0Chez Physimed, nous offrons des services de laboratoire pratiques et de haute qualit\u00e9 directement dans notre centre m\u00e9dical. Nos patients b\u00e9n\u00e9ficient des r\u00e9sultats disponibles rapidement et int\u00e9gr\u00e9s en toute fluidit\u00e9 \u00e0 votre plan de soins.<\/span><\/p>\t\t\t\t\t\t\t\t<\/div>\n\t\t\t\t<\/div>\n\t\t<div class=\"elementor-element elementor-element-4a9f96c e-con-full e-flex e-con e-child\" data-id=\"4a9f96c\" data-element_type=\"container\" data-e-type=\"container\">\n\t\t\t\t<div class=\"elementor-element elementor-element-1e2f4dd elementor-widget elementor-widget-image\" data-id=\"1e2f4dd\" data-element_type=\"widget\" data-e-type=\"widget\" data-widget_type=\"image.default\">\n\t\t\t\t\t\t\t\t\t\t\t\t\t\t\t<img fetchpriority=\"high\" decoding=\"async\" width=\"800\" height=\"534\" src=\"https:\/\/physimed.com\/wp-content\/uploads\/2025\/08\/lab-1-1024x683.png\" class=\"attachment-large size-large wp-image-2122\" alt=\"\" srcset=\"https:\/\/physimed.com\/wp-content\/uploads\/2025\/08\/lab-1-1024x683.png 1024w, https:\/\/physimed.com\/wp-content\/uploads\/2025\/08\/lab-1-300x200.png 300w, https:\/\/physimed.com\/wp-content\/uploads\/2025\/08\/lab-1-768x512.png 768w, https:\/\/physimed.com\/wp-content\/uploads\/2025\/08\/lab-1-18x12.png 18w, https:\/\/physimed.com\/wp-content\/uploads\/2025\/08\/lab-1.png 1344w\" sizes=\"(max-width: 800px) 100vw, 800px\" \/>\t\t\t\t\t\t\t\t\t\t\t\t\t\t\t<\/div>\n\t\t\t\t<\/div>\n\t\t\t\t\t<\/div>\n\t\t\t\t<\/div>\n\t\t<div class=\"elementor-element elementor-element-6cedf27 e-flex e-con-boxed e-con e-parent\" data-id=\"6cedf27\" data-element_type=\"container\" data-e-type=\"container\">\n\t\t\t\t\t<div class=\"e-con-inner\">\n\t\t\t\t<div class=\"elementor-element elementor-element-fbe97e2 elementor-widget-divider--view-line elementor-widget elementor-widget-divider\" data-id=\"fbe97e2\" data-element_type=\"widget\" data-e-type=\"widget\" data-widget_type=\"divider.default\">\n\t\t\t\t\t\t\t<div class=\"elementor-divider\">\n\t\t\t<span class=\"elementor-divider-separator\">\n\t\t\t\t\t\t<\/span>\n\t\t<\/div>\n\t\t\t\t\t\t<\/div>\n\t\t\t\t\t<\/div>\n\t\t\t\t<\/div>\n\t\t<div class=\"elementor-element elementor-element-22ce624 e-flex e-con-boxed e-con e-parent\" data-id=\"22ce624\" data-element_type=\"container\" data-e-type=\"container\" data-settings=\"{&quot;background_background&quot;:&quot;classic&quot;}\">\n\t\t\t\t\t<div class=\"e-con-inner\">\n\t\t\t\t<div class=\"elementor-element elementor-element-4e933f1 elementor-widget elementor-widget-heading\" data-id=\"4e933f1\" data-element_type=\"widget\" data-e-type=\"widget\" data-widget_type=\"heading.default\">\n\t\t\t\t\t<h2 class=\"elementor-heading-title elementor-size-default\"><br> Tests Accr\u00e9dit\u00e9s et Reconnus par le Gouvernement<br><\/h2>\t\t\t\t<\/div>\n\t\t\t\t<div class=\"elementor-element elementor-element-7e3bdde elementor-widget elementor-widget-text-editor\" data-id=\"7e3bdde\" data-element_type=\"widget\" data-e-type=\"widget\" data-widget_type=\"text-editor.default\">\n\t\t\t\t\t\t\t\t\t<p><span style=\"font-weight: 400;\">\u00a0<\/span><span style=\"font-weight: 400;\">To<\/span><span style=\"font-size: 1rem;\">utes les analyses sont effectu\u00e9es par un laboratoire d\u00fbment accr\u00e9dit\u00e9 par le Minist\u00e8re de la Sant\u00e9 et des Services sociaux du Qu\u00e9bec, garantissant pr\u00e9cision et conformit\u00e9 aux normes provinciales.<\/span><\/p>\t\t\t\t\t\t\t\t<\/div>\n\t\t\t\t\t<\/div>\n\t\t\t\t<\/div>\n\t\t<div class=\"elementor-element elementor-element-ce1d8de e-flex e-con-boxed e-con e-parent\" data-id=\"ce1d8de\" data-element_type=\"container\" data-e-type=\"container\">\n\t\t\t\t\t<div class=\"e-con-inner\">\n\t\t\t\t<div class=\"elementor-element elementor-element-76d27f5 elementor-widget-divider--view-line elementor-widget elementor-widget-divider\" data-id=\"76d27f5\" data-element_type=\"widget\" data-e-type=\"widget\" data-widget_type=\"divider.default\">\n\t\t\t\t\t\t\t<div class=\"elementor-divider\">\n\t\t\t<span class=\"elementor-divider-separator\">\n\t\t\t\t\t\t<\/span>\n\t\t<\/div>\n\t\t\t\t\t\t<\/div>\n\t\t\t\t\t<\/div>\n\t\t\t\t<\/div>\n\t\t<div class=\"elementor-element elementor-element-9d3608b e-flex e-con-boxed e-con e-parent\" data-id=\"9d3608b\" data-element_type=\"container\" data-e-type=\"container\">\n\t\t\t\t\t<div class=\"e-con-inner\">\n\t\t\t\t<div class=\"elementor-element elementor-element-79b7397 elementor-widget elementor-widget-heading\" data-id=\"79b7397\" data-element_type=\"widget\" data-e-type=\"widget\" data-widget_type=\"heading.default\">\n\t\t\t\t\t<h3 class=\"elementor-heading-title elementor-size-default\">Gamme Compl\u00e8te d\u2019Analyses de Laboratoire<\/h3>\t\t\t\t<\/div>\n\t\t\t\t<div class=\"elementor-element elementor-element-534dcd1 elementor-widget elementor-widget-text-editor\" data-id=\"534dcd1\" data-element_type=\"widget\" data-e-type=\"widget\" data-widget_type=\"text-editor.default\">\n\t\t\t\t\t\t\t\t\t<p>Lorem ipsum dolor sit amet, consectetur adipiscing elit. Ut elit tellus, luctus nec ullamcorper mattis, pulvinar dapibus leo.<\/p>\t\t\t\t\t\t\t\t<\/div>\n\t\t\t\t\t<\/div>\n\t\t\t\t<\/div>\n\t\t<div class=\"elementor-element elementor-element-7040122 e-flex e-con-boxed e-con e-parent\" data-id=\"7040122\" data-element_type=\"container\" data-e-type=\"container\">\n\t\t\t\t\t<div class=\"e-con-inner\">\n\t\t<div class=\"elementor-element elementor-element-0626d9b e-con-full e-flex e-con e-child\" data-id=\"0626d9b\" data-element_type=\"container\" data-e-type=\"container\">\n\t\t\t\t<div class=\"elementor-element elementor-element-84a81a5 elementor-widget elementor-widget-text-editor\" data-id=\"84a81a5\" data-element_type=\"widget\" data-e-type=\"widget\" data-widget_type=\"text-editor.default\">\n\t\t\t\t\t\t\t\t\t<ul><li style=\"font-weight: 400;\" aria-level=\"1\"><b>Biochimie<\/b><span style=\"font-weight: 400;\"> \u2013 Glyc\u00e9mie, cholest\u00e9rol, fonction h\u00e9patique et r\u00e9nale<\/span><\/li><li style=\"font-weight: 400;\" aria-level=\"1\"><b>H\u00e9matologie<\/b><span style=\"font-weight: 400;\"> \u2013 Num\u00e9ration formule sanguine et diagnostics associ\u00e9s<\/span><\/li><li style=\"font-weight: 400;\" aria-level=\"1\"><b>Analyse d\u2019urine<\/b><span style=\"font-weight: 400;\"> \u2013 Fonction r\u00e9nale, d\u00e9pistage des infections, sant\u00e9 g\u00e9n\u00e9rale<\/span><\/li><li style=\"font-weight: 400;\" aria-level=\"1\"><span style=\"font-weight: 400;\"><b>Coagulation<\/b> \u2013 \u00c9valuation de la coagulation sanguine<\/span><\/li><\/ul>\t\t\t\t\t\t\t\t<\/div>\n\t\t\t\t<\/div>\n\t\t<div class=\"elementor-element elementor-element-d5c2c22 e-con-full e-flex e-con e-child\" data-id=\"d5c2c22\" data-element_type=\"container\" data-e-type=\"container\">\n\t\t\t\t<div class=\"elementor-element elementor-element-fd21d40 elementor-widget elementor-widget-text-editor\" data-id=\"fd21d40\" data-element_type=\"widget\" data-e-type=\"widget\" data-widget_type=\"text-editor.default\">\n\t\t\t\t\t\t\t\t\t<ul><li><b>Microbiologie<\/b><span style=\"font-weight: 400;\"> \u2013 D\u00e9tection des infections (ex. cultures de gorge, urine, selles)<\/span><\/li><li><b>Cytologie et oncologie<\/b><span style=\"font-weight: 400;\"> \u2013 Anomalies cellulaires et d\u00e9pistage du cancer<\/span><\/li><li><b>S\u00e9rologie et immunologie<\/b><span style=\"font-weight: 400;\"> \u2013 R\u00e9ponse immunitaire et marqueurs de maladies infectieuses<\/span><\/li><li><b>Toxicologie<\/b><span style=\"font-weight: 400;\"> \u2013 D\u00e9pistage de drogues et substances<\/span><\/li><li style=\"list-style-type: none;\">\u00a0<\/li><\/ul>\t\t\t\t\t\t\t\t<\/div>\n\t\t\t\t<\/div>\n\t\t\t\t\t<\/div>\n\t\t\t\t<\/div>\n\t\t<div class=\"elementor-element elementor-element-7aa572e e-flex e-con-boxed e-con e-parent\" data-id=\"7aa572e\" data-element_type=\"container\" data-e-type=\"container\">\n\t\t\t\t\t<div class=\"e-con-inner\">\n\t\t\t\t<div class=\"elementor-element elementor-element-7b54380 elementor-widget-divider--view-line elementor-widget elementor-widget-divider\" data-id=\"7b54380\" data-element_type=\"widget\" data-e-type=\"widget\" data-widget_type=\"divider.default\">\n\t\t\t\t\t\t\t<div class=\"elementor-divider\">\n\t\t\t<span class=\"elementor-divider-separator\">\n\t\t\t\t\t\t<\/span>\n\t\t<\/div>\n\t\t\t\t\t\t<\/div>\n\t\t\t\t\t<\/div>\n\t\t\t\t<\/div>\n\t\t<div class=\"elementor-element elementor-element-597ff0a e-flex e-con-boxed e-con e-parent\" data-id=\"597ff0a\" data-element_type=\"container\" data-e-type=\"container\" data-settings=\"{&quot;background_background&quot;:&quot;classic&quot;}\">\n\t\t\t\t\t<div class=\"e-con-inner\">\n\t\t\t\t<div class=\"elementor-element elementor-element-4d51bd4 elementor-widget elementor-widget-heading\" data-id=\"4d51bd4\" data-element_type=\"widget\" data-e-type=\"widget\" data-widget_type=\"heading.default\">\n\t\t\t\t\t<h2 class=\"elementor-heading-title elementor-size-default\"><br> R\u00e9sultats Rapides et Int\u00e9gration Transparente<br><br><\/h2>\t\t\t\t<\/div>\n\t\t\t\t<div class=\"elementor-element elementor-element-7dc3b9d elementor-widget elementor-widget-text-editor\" data-id=\"7dc3b9d\" data-element_type=\"widget\" data-e-type=\"widget\" data-widget_type=\"text-editor.default\">\n\t\t\t\t\t\t\t\t\t<p><span style=\"font-weight: 400;\">\u00a0<\/span><span style=\"font-weight: 400;\">\u00a0La<\/span><span style=\"font-size: 1rem;\"> plupart des analyses courantes sont trait\u00e9es en moins de 24 heures, permettant \u00e0 votre m\u00e9decin de recevoir et d\u2019analyser les r\u00e9sultats rapidement, sans d\u00e9lai dans votre prise en charge.<\/span><\/p><p><span style=\"font-weight: 400;\"> Vos r\u00e9sultats de laboratoire sont automatiquement partag\u00e9s avec votre m\u00e9decin via notre syst\u00e8me de dossier m\u00e9dical \u00e9lectronique, assurant une interpr\u00e9tation et un suivi rapides.<\/span><\/p>\t\t\t\t\t\t\t\t<\/div>\n\t\t\t\t\t<\/div>\n\t\t\t\t<\/div>\n\t\t<div class=\"elementor-element elementor-element-b9a1c55 e-flex e-con-boxed e-con e-parent\" data-id=\"b9a1c55\" data-element_type=\"container\" data-e-type=\"container\">\n\t\t\t\t\t<div class=\"e-con-inner\">\n\t\t\t\t<div class=\"elementor-element elementor-element-212de13 elementor-widget-divider--view-line elementor-widget elementor-widget-divider\" data-id=\"212de13\" data-element_type=\"widget\" data-e-type=\"widget\" data-widget_type=\"divider.default\">\n\t\t\t\t\t\t\t<div class=\"elementor-divider\">\n\t\t\t<span class=\"elementor-divider-separator\">\n\t\t\t\t\t\t<\/span>\n\t\t<\/div>\n\t\t\t\t\t\t<\/div>\n\t\t\t\t\t<\/div>\n\t\t\t\t<\/div>\n\t\t<div class=\"elementor-element elementor-element-47d4baa e-flex e-con-boxed e-con e-parent\" data-id=\"47d4baa\" data-element_type=\"container\" data-e-type=\"container\">\n\t\t\t\t\t<div class=\"e-con-inner\">\n\t\t\t\t<div class=\"elementor-element elementor-element-5aaca94 elementor-widget elementor-widget-heading\" data-id=\"5aaca94\" data-element_type=\"widget\" data-e-type=\"widget\" data-widget_type=\"heading.default\">\n\t\t\t\t\t<h2 class=\"elementor-heading-title elementor-size-default\"> Pourquoi Choisir les Services de Laboratoire Physimed ?<\/h2>\t\t\t\t<\/div>\n\t\t\t\t\t<\/div>\n\t\t\t\t<\/div>\n\t\t<div class=\"elementor-element elementor-element-5b4d037 e-flex e-con-boxed e-con e-parent\" data-id=\"5b4d037\" data-element_type=\"container\" data-e-type=\"container\">\n\t\t\t\t\t<div class=\"e-con-inner\">\n\t\t\t\t<div class=\"elementor-element elementor-element-00fdd69 elementor-widget elementor-widget-text-editor\" data-id=\"00fdd69\" data-element_type=\"widget\" data-e-type=\"widget\" data-widget_type=\"text-editor.default\">\n\t\t\t\t\t\t\t\t\t<ul><li style=\"font-weight: 400;\" aria-level=\"1\"><span style=\"font-weight: 400;\">Horaires pratiques t\u00f4t le matin.<\/span><\/li><li style=\"font-weight: 400;\" aria-level=\"1\"><span style=\"font-weight: 400;\">Pr\u00e9l\u00e8vements sur place, aucun d\u00e9placement vers un laboratoire externe.<\/span><\/li><li style=\"font-weight: 400;\" aria-level=\"1\"><span style=\"font-weight: 400;\">Laboratoire accr\u00e9dit\u00e9 par le gouvernement pour la qualit\u00e9 et la fiabilit\u00e9.<\/span><\/li><li style=\"font-weight: 400;\" aria-level=\"1\"><span style=\"font-weight: 400;\">D\u00e9lais de traitement rapides pour la plupart des tests.<\/span><\/li><li style=\"font-weight: 400;\" aria-level=\"1\"><span style=\"font-weight: 400;\">Int\u00e9gration compl\u00e8te \u00e0 votre dossier m\u00e9dical et \u00e0 votre plan de suivi.<\/span><\/li><\/ul>\t\t\t\t\t\t\t\t<\/div>\n\t\t\t\t\t<\/div>\n\t\t\t\t<\/div>\n\t\t<div class=\"elementor-element elementor-element-403d6e5 e-flex e-con-boxed e-con e-parent\" data-id=\"403d6e5\" data-element_type=\"container\" data-e-type=\"container\">\n\t\t\t\t\t<div class=\"e-con-inner\">\n\t\t\t\t<div class=\"elementor-element elementor-element-75f63e3 elementor-widget-divider--view-line elementor-widget elementor-widget-divider\" data-id=\"75f63e3\" data-element_type=\"widget\" data-e-type=\"widget\" data-widget_type=\"divider.default\">\n\t\t\t\t\t\t\t<div class=\"elementor-divider\">\n\t\t\t<span class=\"elementor-divider-separator\">\n\t\t\t\t\t\t<\/span>\n\t\t<\/div>\n\t\t\t\t\t\t<\/div>\n\t\t\t\t\t<\/div>\n\t\t\t\t<\/div>\n\t\t<div class=\"elementor-element elementor-element-38f7b3c e-flex e-con-boxed e-con e-parent\" data-id=\"38f7b3c\" data-element_type=\"container\" data-e-type=\"container\" data-settings=\"{&quot;background_background&quot;:&quot;classic&quot;}\">\n\t\t\t\t\t<div class=\"e-con-inner\">\n\t\t\t\t<div class=\"elementor-element elementor-element-31763d4c elementor-widget elementor-widget-heading\" data-id=\"31763d4c\" data-element_type=\"widget\" data-e-type=\"widget\" data-widget_type=\"heading.default\">\n\t\t\t\t\t<h2 class=\"elementor-heading-title elementor-size-default\">Contactez nous<\/h2>\t\t\t\t<\/div>\n\t\t\t\t<div class=\"elementor-element elementor-element-568341fe elementor-align-center elementor-icon-list--layout-traditional elementor-list-item-link-full_width elementor-widget elementor-widget-icon-list\" data-id=\"568341fe\" data-element_type=\"widget\" data-e-type=\"widget\" data-widget_type=\"icon-list.default\">\n\t\t\t\t\t\t\t<ul class=\"elementor-icon-list-items\">\n\t\t\t\t\t\t\t<li class=\"elementor-icon-list-item\">\n\t\t\t\t\t\t\t\t\t\t\t<a href=\"tel:5147478084\">\n\n\t\t\t\t\t\t\t\t\t\t\t\t<span class=\"elementor-icon-list-icon\">\n\t\t\t\t\t\t\t<svg aria-hidden=\"true\" class=\"e-font-icon-svg e-fas-phone-alt\" viewBox=\"0 0 512 512\" xmlns=\"http:\/\/www.w3.org\/2000\/svg\"><path d=\"M497.39 361.8l-112-48a24 24 0 0 0-28 6.9l-49.6 60.6A370.66 370.66 0 0 1 130.6 204.11l60.6-49.6a23.94 23.94 0 0 0 6.9-28l-48-112A24.16 24.16 0 0 0 122.6.61l-104 24A24 24 0 0 0 0 48c0 256.5 207.9 464 464 464a24 24 0 0 0 23.4-18.6l24-104a24.29 24.29 0 0 0-14.01-27.6z\"><\/path><\/svg>\t\t\t\t\t\t<\/span>\n\t\t\t\t\t\t\t\t\t\t<span class=\"elementor-icon-list-text\">514-747-8084<\/span>\n\t\t\t\t\t\t\t\t\t\t\t<\/a>\n\t\t\t\t\t\t\t\t\t<\/li>\n\t\t\t\t\t\t\t\t<li class=\"elementor-icon-list-item\">\n\t\t\t\t\t\t\t\t\t\t\t<a href=\"mailto:mediaspa-physimed.com\">\n\n\t\t\t\t\t\t\t\t\t\t\t\t<span class=\"elementor-icon-list-icon\">\n\t\t\t\t\t\t\t<svg aria-hidden=\"true\" class=\"e-font-icon-svg e-fas-envelope\" viewBox=\"0 0 512 512\" xmlns=\"http:\/\/www.w3.org\/2000\/svg\"><path d=\"M502.3 190.8c3.9-3.1 9.7-.2 9.7 4.7V400c0 26.5-21.5 48-48 48H48c-26.5 0-48-21.5-48-48V195.6c0-5 5.7-7.8 9.7-4.7 22.4 17.4 52.1 39.5 154.1 113.6 21.1 15.4 56.7 47.8 92.2 47.6 35.7.3 72-32.8 92.3-47.6 102-74.1 131.6-96.3 154-113.7zM256 320c23.2.4 56.6-29.2 73.4-41.4 132.7-96.3 142.8-104.7 173.4-128.7 5.8-4.5 9.2-11.5 9.2-18.9v-19c0-26.5-21.5-48-48-48H48C21.5 64 0 85.5 0 112v19c0 7.4 3.4 14.3 9.2 18.9 30.6 23.9 40.7 32.4 173.4 128.7 16.8 12.2 50.2 41.8 73.4 41.4z\"><\/path><\/svg>\t\t\t\t\t\t<\/span>\n\t\t\t\t\t\t\t\t\t\t<span class=\"elementor-icon-list-text\">info@mediaspa-physimed.com<\/span>\n\t\t\t\t\t\t\t\t\t\t\t<\/a>\n\t\t\t\t\t\t\t\t\t<\/li>\n\t\t\t\t\t\t<\/ul>\n\t\t\t\t\t\t<\/div>\n\t\t\t\t\t<\/div>\n\t\t\t\t<\/div>\n\t\t\t\t<\/div>\n\t\t","protected":false},"excerpt":{"rendered":"<p>Services de Laboratoire Tests Rapides et Fiables Physimed Offre Des Pr\u00e9l\u00e8vements Sanguins et Urinaires Sur Place Pour Analyses \u00a0Chez Physimed, nous offrons des services de laboratoire pratiques et de haute qualit\u00e9 directement dans notre centre m\u00e9dical. Nos patients b\u00e9n\u00e9ficient des r\u00e9sultats disponibles rapidement et int\u00e9gr\u00e9s en toute fluidit\u00e9 \u00e0 votre plan de soins. Tests Accr\u00e9dit\u00e9s [&hellip;]<\/p>\n","protected":false},"author":1,"featured_media":0,"parent":0,"menu_order":0,"comment_status":"closed","ping_status":"closed","template":"","meta":{"footnotes":""},"class_list":["post-2101","page","type-page","status-publish","hentry"],"_links":{"self":[{"href":"https:\/\/physimed.com\/en\/wp-json\/wp\/v2\/pages\/2101","targetHints":{"allow":["GET"]}}],"collection":[{"href":"https:\/\/physimed.com\/en\/wp-json\/wp\/v2\/pages"}],"about":[{"href":"https:\/\/physimed.com\/en\/wp-json\/wp\/v2\/types\/page"}],"author":[{"embeddable":true,"href":"https:\/\/physimed.com\/en\/wp-json\/wp\/v2\/users\/1"}],"replies":[{"embeddable":true,"href":"https:\/\/physimed.com\/en\/wp-json\/wp\/v2\/comments?post=2101"}],"version-history":[{"count":46,"href":"https:\/\/physimed.com\/en\/wp-json\/wp\/v2\/pages\/2101\/revisions"}],"predecessor-version":[{"id":2951,"href":"https:\/\/physimed.com\/en\/wp-json\/wp\/v2\/pages\/2101\/revisions\/2951"}],"wp:attachment":[{"href":"https:\/\/physimed.com\/en\/wp-json\/wp\/v2\/media?parent=2101"}],"curies":[{"name":"wp","href":"https:\/\/api.w.org\/{rel}","templated":true}]}}