{"id":2261,"date":"2025-08-13T19:42:38","date_gmt":"2025-08-13T19:42:38","guid":{"rendered":"https:\/\/physimed.com\/?page_id=2261"},"modified":"2025-08-27T19:50:24","modified_gmt":"2025-08-27T19:50:24","slug":"specialized-medicine","status":"publish","type":"page","link":"https:\/\/physimed.com\/en\/medecine-specialisee\/","title":{"rendered":"Speciality Medicine"},"content":{"rendered":"\t\t<div data-elementor-type=\"wp-page\" data-elementor-id=\"2261\" class=\"elementor elementor-2261\" data-elementor-post-type=\"page\">\n\t\t\t\t<div class=\"elementor-element elementor-element-50b25c3 e-flex e-con-boxed e-con e-parent\" data-id=\"50b25c3\" data-element_type=\"container\" data-e-type=\"container\" data-settings=\"{&quot;background_background&quot;:&quot;classic&quot;}\">\n\t\t\t\t\t<div class=\"e-con-inner\">\n\t\t<div class=\"elementor-element elementor-element-3a7fe9e e-con-full e-flex e-con e-child\" data-id=\"3a7fe9e\" data-element_type=\"container\" data-e-type=\"container\">\n\t\t\t\t<div class=\"elementor-element elementor-element-c897773 elementor-widget elementor-widget-heading\" data-id=\"c897773\" data-element_type=\"widget\" data-e-type=\"widget\" data-widget_type=\"heading.default\">\n\t\t\t\t\t<h1 class=\"elementor-heading-title elementor-size-default\"> M\u00e9decine Sp\u00e9cialis\u00e9e <br> M\u00e9decins Experts. Soins Int\u00e9gr\u00e9s. Tous Sous un M\u00eame Toit.\n\n\n<\/h1>\t\t\t\t<\/div>\n\t\t\t\t<\/div>\n\t\t\t\t\t<\/div>\n\t\t\t\t<\/div>\n\t\t<div class=\"elementor-element elementor-element-268a34b e-flex e-con-boxed e-con e-parent\" data-id=\"268a34b\" data-element_type=\"container\" data-e-type=\"container\" data-settings=\"{&quot;motion_fx_motion_fx_scrolling&quot;:&quot;yes&quot;,&quot;motion_fx_devices&quot;:[&quot;desktop&quot;,&quot;tablet&quot;,&quot;mobile&quot;]}\">\n\t\t\t\t\t<div class=\"e-con-inner\">\n\t\t\t\t<div class=\"elementor-element elementor-element-37ca2e9 elementor-widget elementor-widget-heading\" data-id=\"37ca2e9\" data-element_type=\"widget\" data-e-type=\"widget\" data-widget_type=\"heading.default\">\n\t\t\t\t\t<h2 class=\"elementor-heading-title elementor-size-default\">Physimed Offre <br>  Des Soins Sp\u00e9cialis\u00e9s Int\u00e9gr\u00e9s \u00e0 Votre Suivi en M\u00e9decine Familiale<\/h2>\t\t\t\t<\/div>\n\t\t\t\t\t<\/div>\n\t\t\t\t<\/div>\n\t\t<div class=\"elementor-element elementor-element-fe338af e-flex e-con-boxed e-con e-parent\" data-id=\"fe338af\" data-element_type=\"container\" data-e-type=\"container\">\n\t\t\t\t\t<div class=\"e-con-inner\">\n\t\t<div class=\"elementor-element elementor-element-70cd566 e-con-full e-flex e-con e-child\" data-id=\"70cd566\" data-element_type=\"container\" data-e-type=\"container\">\n\t\t\t\t<div class=\"elementor-element elementor-element-0d1a2c2 elementor-widget elementor-widget-text-editor\" data-id=\"0d1a2c2\" data-element_type=\"widget\" data-e-type=\"widget\" data-widget_type=\"text-editor.default\">\n\t\t\t\t\t\t\t\t\t<p><span style=\"font-weight: 400;\">Chez Physimed, nous croyons en une approche collaborative des soins de sant\u00e9. Bien que votre m\u00e9decin de famille soit au c\u0153ur de votre prise en charge, certaines conditions n\u00e9cessitent l\u2019expertise et la pr\u00e9cision d\u2019un sp\u00e9cialiste. C\u2019est pourquoi notre Unit\u00e9 de sp\u00e9cialistes m\u00e9dicaux et chirurgicaux regroupe pr\u00e8s de 40 m\u00e9decins sp\u00e9cialistes exp\u00e9riment\u00e9s, tous travaillant en \u00e9troite coordination avec votre m\u00e9decin.<\/span><\/p><p>\u00a0<\/p><p><b>Notre objectif :<\/b><span style=\"font-weight: 400;\"> offrir un acc\u00e8s rapide et complet aux bons soins, au bon moment, dans une seule et m\u00eame clinique.<\/span><\/p>\t\t\t\t\t\t\t\t<\/div>\n\t\t\t\t<\/div>\n\t\t<div class=\"elementor-element elementor-element-4a9f96c e-con-full e-flex e-con e-child\" data-id=\"4a9f96c\" data-element_type=\"container\" data-e-type=\"container\">\n\t\t\t\t<div class=\"elementor-element elementor-element-1e2f4dd elementor-widget elementor-widget-image\" data-id=\"1e2f4dd\" data-element_type=\"widget\" data-e-type=\"widget\" data-widget_type=\"image.default\">\n\t\t\t\t\t\t\t\t\t\t\t\t\t\t\t<img fetchpriority=\"high\" decoding=\"async\" width=\"800\" height=\"534\" src=\"https:\/\/physimed.com\/wp-content\/uploads\/2025\/08\/lab-1-1024x683.png\" class=\"attachment-large size-large wp-image-2122\" alt=\"\" srcset=\"https:\/\/physimed.com\/wp-content\/uploads\/2025\/08\/lab-1-1024x683.png 1024w, https:\/\/physimed.com\/wp-content\/uploads\/2025\/08\/lab-1-300x200.png 300w, https:\/\/physimed.com\/wp-content\/uploads\/2025\/08\/lab-1-768x512.png 768w, https:\/\/physimed.com\/wp-content\/uploads\/2025\/08\/lab-1-18x12.png 18w, https:\/\/physimed.com\/wp-content\/uploads\/2025\/08\/lab-1.png 1344w\" sizes=\"(max-width: 800px) 100vw, 800px\" \/>\t\t\t\t\t\t\t\t\t\t\t\t\t\t\t<\/div>\n\t\t\t\t<\/div>\n\t\t\t\t\t<\/div>\n\t\t\t\t<\/div>\n\t\t<div class=\"elementor-element elementor-element-6cedf27 e-flex e-con-boxed e-con e-parent\" data-id=\"6cedf27\" data-element_type=\"container\" data-e-type=\"container\">\n\t\t\t\t\t<div class=\"e-con-inner\">\n\t\t\t\t<div class=\"elementor-element elementor-element-fbe97e2 elementor-widget-divider--view-line elementor-widget elementor-widget-divider\" data-id=\"fbe97e2\" data-element_type=\"widget\" data-e-type=\"widget\" data-widget_type=\"divider.default\">\n\t\t\t\t\t\t\t<div class=\"elementor-divider\">\n\t\t\t<span class=\"elementor-divider-separator\">\n\t\t\t\t\t\t<\/span>\n\t\t<\/div>\n\t\t\t\t\t\t<\/div>\n\t\t\t\t\t<\/div>\n\t\t\t\t<\/div>\n\t\t<div class=\"elementor-element elementor-element-22ce624 e-flex e-con-boxed e-con e-parent\" data-id=\"22ce624\" data-element_type=\"container\" data-e-type=\"container\" data-settings=\"{&quot;background_background&quot;:&quot;classic&quot;}\">\n\t\t\t\t\t<div class=\"e-con-inner\">\n\t\t\t\t<div class=\"elementor-element elementor-element-4e933f1 elementor-widget elementor-widget-heading\" data-id=\"4e933f1\" data-element_type=\"widget\" data-e-type=\"widget\" data-widget_type=\"heading.default\">\n\t\t\t\t\t<h2 class=\"elementor-heading-title elementor-size-default\"> Un Mod\u00e8le M\u00e9dical Enti\u00e8rement Int\u00e9gr\u00e9<br><\/h2>\t\t\t\t<\/div>\n\t\t\t\t<div class=\"elementor-element elementor-element-7e3bdde elementor-widget elementor-widget-text-editor\" data-id=\"7e3bdde\" data-element_type=\"widget\" data-e-type=\"widget\" data-widget_type=\"text-editor.default\">\n\t\t\t\t\t\t\t\t\t<ul><li style=\"font-weight: 400;\" aria-level=\"1\"><span style=\"font-weight: 400;\">R\u00e9f\u00e9rences directes de votre m\u00e9decin de famille.<\/span><\/li><li style=\"font-weight: 400;\" aria-level=\"1\"><span style=\"font-weight: 400;\">Sp\u00e9cialistes et m\u00e9decins de famille travaillant c\u00f4te \u00e0 c\u00f4te pour un suivi coh\u00e9rent.<\/span><\/li><li style=\"font-weight: 400;\" aria-level=\"1\"><span style=\"font-weight: 400;\">Diagnostics plus rapides et examens mieux coordonn\u00e9s.<\/span><\/li><li style=\"font-weight: 400;\" aria-level=\"1\"><span style=\"font-weight: 400;\">Acc\u00e8s complet \u00e0 votre dossier m\u00e9dical partag\u00e9 pour un suivi sans faille.<\/span><\/li><li style=\"font-weight: 400;\" aria-level=\"1\"><span style=\"font-weight: 400;\">Tous les services offerts sous un m\u00eame toit, sans d\u00e9placements inutiles entre cliniques.<\/span><\/li><\/ul>\t\t\t\t\t\t\t\t<\/div>\n\t\t\t\t\t<\/div>\n\t\t\t\t<\/div>\n\t\t<div class=\"elementor-element elementor-element-ce1d8de e-flex e-con-boxed e-con e-parent\" data-id=\"ce1d8de\" data-element_type=\"container\" data-e-type=\"container\">\n\t\t\t\t\t<div class=\"e-con-inner\">\n\t\t\t\t<div class=\"elementor-element elementor-element-76d27f5 elementor-widget-divider--view-line elementor-widget elementor-widget-divider\" data-id=\"76d27f5\" data-element_type=\"widget\" data-e-type=\"widget\" data-widget_type=\"divider.default\">\n\t\t\t\t\t\t\t<div class=\"elementor-divider\">\n\t\t\t<span class=\"elementor-divider-separator\">\n\t\t\t\t\t\t<\/span>\n\t\t<\/div>\n\t\t\t\t\t\t<\/div>\n\t\t\t\t\t<\/div>\n\t\t\t\t<\/div>\n\t\t<div class=\"elementor-element elementor-element-5448449 e-flex e-con-boxed e-con e-parent\" data-id=\"5448449\" data-element_type=\"container\" data-e-type=\"container\">\n\t\t\t\t\t<div class=\"e-con-inner\">\n\t\t\t\t<div class=\"elementor-element elementor-element-fcabeec elementor-widget elementor-widget-heading\" data-id=\"fcabeec\" data-element_type=\"widget\" data-e-type=\"widget\" data-widget_type=\"heading.default\">\n\t\t\t\t\t<h2 class=\"elementor-heading-title elementor-size-default\"><br>   Nos Sp\u00e9cialit\u00e9s M\u00e9dicales<br><\/h2>\t\t\t\t<\/div>\n\t\t\t\t\t<\/div>\n\t\t\t\t<\/div>\n\t\t<div class=\"elementor-element elementor-element-7040122 e-flex e-con-boxed e-con e-parent\" data-id=\"7040122\" data-element_type=\"container\" data-e-type=\"container\">\n\t\t\t\t\t<div class=\"e-con-inner\">\n\t\t<div class=\"elementor-element elementor-element-0626d9b e-con-full e-flex e-con e-child\" data-id=\"0626d9b\" data-element_type=\"container\" data-e-type=\"container\">\n\t\t\t\t<div class=\"elementor-element elementor-element-84a81a5 elementor-widget elementor-widget-text-editor\" data-id=\"84a81a5\" data-element_type=\"widget\" data-e-type=\"widget\" data-widget_type=\"text-editor.default\">\n\t\t\t\t\t\t\t\t\t<ul><li style=\"font-weight: 400;\" aria-level=\"1\"><b>Cardiologie<\/b><b><br \/><\/b><span style=\"font-weight: 400;\"> \u00c9valuation et prise en charge des maladies cardiaques et vasculaires.<\/span><\/li><li aria-level=\"1\"><p><strong>Chirurgien vasculaire<\/strong><br \/>Diagnostic et traitement chirurgical des maladies des art\u00e8res, des veines et des vaisseaux lymphatiques.<\/p><\/li><li aria-level=\"1\"><p><strong>Pneumologie<\/strong><br \/>Diagnostic et traitement des maladies respiratoires (poumons, bronches, trach\u00e9e).<\/p><\/li><li style=\"font-weight: 400;\" aria-level=\"1\"><b>Chirurgie g\u00e9n\u00e9rale<\/b><b><br \/><\/b><span style=\"font-weight: 400;\"> Intervention chirurgicale pour les affections abdominales, digestives ou cutan\u00e9es.<\/span><\/li><li style=\"font-weight: 400;\" aria-level=\"1\"><b>M\u00e9decine esth\u00e9tique<\/b><\/li><\/ul><p>\u00a0 \u00a0Proc\u00e9dures cosm\u00e9tiques pour la peau, les mains, le visage et le corps.<\/p><ul><li style=\"font-weight: 400;\" aria-level=\"1\"><b>Endocrinologie<\/b><b><br \/><\/b><span style=\"font-weight: 400;\"> Traitement des troubles hormonaux, incluant les maladies de la thyro\u00efde et le diab\u00e8te.<\/span><\/li><li><span style=\"font-weight: 400;\"><b>Obst\u00e9trique &amp; Gyn\u00e9cologie<\/b><b><br \/><\/b> Sant\u00e9 des femmes, fertilit\u00e9, suivi de grossesse et chirurgie gyn\u00e9cologique.<br \/><\/span><\/li><\/ul>\t\t\t\t\t\t\t\t<\/div>\n\t\t\t\t<\/div>\n\t\t<div class=\"elementor-element elementor-element-d5c2c22 e-con-full e-flex e-con e-child\" data-id=\"d5c2c22\" data-element_type=\"container\" data-e-type=\"container\">\n\t\t\t\t<div class=\"elementor-element elementor-element-fd21d40 elementor-widget elementor-widget-text-editor\" data-id=\"fd21d40\" data-element_type=\"widget\" data-e-type=\"widget\" data-widget_type=\"text-editor.default\">\n\t\t\t\t\t\t\t\t\t<ul><li style=\"font-weight: 400;\" aria-level=\"1\"><b>M\u00e9decine interne<\/b><b><br \/><\/b><span style=\"font-weight: 400;\"> Soins non chirurgicaux des maladies complexes chez l\u2019adulte.<\/span><\/li><li style=\"font-weight: 400;\" aria-level=\"1\"><b>Neurologie <\/b><\/li><\/ul><p>Soins pour le cerveau, la moelle \u00e9pini\u00e8re et les troubles neurologiques.<\/p><ul><li><b>Orthop\u00e9die<\/b><\/li><\/ul><p><span style=\"font-weight: 400;\">Prise en charge m\u00e9dicale et chirurgicale des maladies et blessures des os, des articulations, des muscles et des ligaments.<\/span><\/p><ul><li><b>P\u00e9diatrie<\/b><b><br \/><\/b><span style=\"font-weight: 400;\"> Suivi m\u00e9dical complet pour les nourrissons, enfants et adolescents.<\/span><\/li><li><b>Radiologie<\/b><\/li><\/ul><p><span style=\"font-weight: 400;\"> Imagerie diagnostique sur place : radiographies, \u00e9chographies, tomodensitom\u00e9trie (CT), IRM.<\/span><\/p><ul><li><b>Urologie<\/b><\/li><\/ul><p><span style=\"font-weight: 400;\">Traitement des troubles du tractus urinaire, des troubles de la prostate et de la sant\u00e9 reproductive masculine.<\/span><\/p><p>\u00a0<\/p><ul><li style=\"list-style-type: none;\">\u00a0<\/li><\/ul>\t\t\t\t\t\t\t\t<\/div>\n\t\t\t\t<\/div>\n\t\t\t\t\t<\/div>\n\t\t\t\t<\/div>\n\t\t<div class=\"elementor-element elementor-element-7aa572e e-flex e-con-boxed e-con e-parent\" data-id=\"7aa572e\" data-element_type=\"container\" data-e-type=\"container\">\n\t\t\t\t\t<div class=\"e-con-inner\">\n\t\t\t\t<div class=\"elementor-element elementor-element-7b54380 elementor-widget-divider--view-line elementor-widget elementor-widget-divider\" data-id=\"7b54380\" data-element_type=\"widget\" data-e-type=\"widget\" data-widget_type=\"divider.default\">\n\t\t\t\t\t\t\t<div class=\"elementor-divider\">\n\t\t\t<span class=\"elementor-divider-separator\">\n\t\t\t\t\t\t<\/span>\n\t\t<\/div>\n\t\t\t\t\t\t<\/div>\n\t\t\t\t\t<\/div>\n\t\t\t\t<\/div>\n\t\t<div class=\"elementor-element elementor-element-597ff0a e-flex e-con-boxed e-con e-parent\" data-id=\"597ff0a\" data-element_type=\"container\" data-e-type=\"container\" data-settings=\"{&quot;background_background&quot;:&quot;classic&quot;}\">\n\t\t\t\t\t<div class=\"e-con-inner\">\n\t\t\t\t<div class=\"elementor-element elementor-element-4d51bd4 elementor-widget elementor-widget-heading\" data-id=\"4d51bd4\" data-element_type=\"widget\" data-e-type=\"widget\" data-widget_type=\"heading.default\">\n\t\t\t\t\t<h2 class=\"elementor-heading-title elementor-size-default\">Efficace. Expert. Accessible.<\/h2>\t\t\t\t<\/div>\n\t\t\t\t<div class=\"elementor-element elementor-element-7dc3b9d elementor-widget elementor-widget-text-editor\" data-id=\"7dc3b9d\" data-element_type=\"widget\" data-e-type=\"widget\" data-widget_type=\"text-editor.default\">\n\t\t\t\t\t\t\t\t\t<p>\u00a0<span style=\"font-weight: 400;\">Avec toutes les sp\u00e9cialit\u00e9s r\u00e9unies au sein d\u2019une m\u00eame clinique, nos patients b\u00e9n\u00e9ficient de diagnostics plus rapides, de plans de traitement coordonn\u00e9s et, au besoin, de discussions de cas multidisciplinaires pour une exp\u00e9rience de soins plus fluide et sans stress.<\/span><\/p>\t\t\t\t\t\t\t\t<\/div>\n\t\t\t\t\t<\/div>\n\t\t\t\t<\/div>\n\t\t<div class=\"elementor-element elementor-element-b9a1c55 e-flex e-con-boxed e-con e-parent\" data-id=\"b9a1c55\" data-element_type=\"container\" data-e-type=\"container\">\n\t\t\t\t\t<div class=\"e-con-inner\">\n\t\t\t\t<div class=\"elementor-element elementor-element-212de13 elementor-widget-divider--view-line elementor-widget elementor-widget-divider\" data-id=\"212de13\" data-element_type=\"widget\" data-e-type=\"widget\" data-widget_type=\"divider.default\">\n\t\t\t\t\t\t\t<div class=\"elementor-divider\">\n\t\t\t<span class=\"elementor-divider-separator\">\n\t\t\t\t\t\t<\/span>\n\t\t<\/div>\n\t\t\t\t\t\t<\/div>\n\t\t\t\t\t<\/div>\n\t\t\t\t<\/div>\n\t\t<div class=\"elementor-element elementor-element-47d4baa e-flex e-con-boxed e-con e-parent\" data-id=\"47d4baa\" data-element_type=\"container\" data-e-type=\"container\">\n\t\t\t\t\t<div class=\"e-con-inner\">\n\t\t\t\t<div class=\"elementor-element elementor-element-5aaca94 elementor-widget elementor-widget-heading\" data-id=\"5aaca94\" data-element_type=\"widget\" data-e-type=\"widget\" data-widget_type=\"heading.default\">\n\t\t\t\t\t<h2 class=\"elementor-heading-title elementor-size-default\"> Besoin de consulter un sp\u00e9cialiste ?<\/h2>\t\t\t\t<\/div>\n\t\t\t\t\t<\/div>\n\t\t\t\t<\/div>\n\t\t<div class=\"elementor-element elementor-element-5b4d037 e-flex e-con-boxed e-con e-parent\" data-id=\"5b4d037\" data-element_type=\"container\" data-e-type=\"container\">\n\t\t\t\t\t<div class=\"e-con-inner\">\n\t\t\t\t<div class=\"elementor-element elementor-element-00fdd69 elementor-widget elementor-widget-text-editor\" data-id=\"00fdd69\" data-element_type=\"widget\" data-e-type=\"widget\" data-widget_type=\"text-editor.default\">\n\t\t\t\t\t\t\t\t\t<p><span style=\"font-weight: 400;\">\u00a0Parlez-en \u00e0 votre m\u00e9decin de famille chez Physimed ou faites une demande de consultation directement. (Une recommandation peut \u00eatre requise.)<\/span><\/p>\t\t\t\t\t\t\t\t<\/div>\n\t\t\t\t\t<\/div>\n\t\t\t\t<\/div>\n\t\t<div class=\"elementor-element elementor-element-deb2b16 e-flex e-con-boxed e-con e-parent\" data-id=\"deb2b16\" data-element_type=\"container\" data-e-type=\"container\">\n\t\t\t\t\t<div class=\"e-con-inner\">\n\t\t\t\t<div class=\"elementor-element elementor-element-8af2cfe elementor-widget-divider--view-line elementor-widget elementor-widget-divider\" data-id=\"8af2cfe\" data-element_type=\"widget\" data-e-type=\"widget\" data-widget_type=\"divider.default\">\n\t\t\t\t\t\t\t<div class=\"elementor-divider\">\n\t\t\t<span class=\"elementor-divider-separator\">\n\t\t\t\t\t\t<\/span>\n\t\t<\/div>\n\t\t\t\t\t\t<\/div>\n\t\t\t\t\t<\/div>\n\t\t\t\t<\/div>\n\t\t\t\t<\/div>\n\t\t","protected":false},"excerpt":{"rendered":"<p>M\u00e9decine Sp\u00e9cialis\u00e9e M\u00e9decins Experts. Soins Int\u00e9gr\u00e9s. Tous Sous un M\u00eame Toit. Physimed Offre Des Soins Sp\u00e9cialis\u00e9s Int\u00e9gr\u00e9s \u00e0 Votre Suivi en M\u00e9decine Familiale Chez Physimed, nous croyons en une approche collaborative des soins de sant\u00e9. Bien que votre m\u00e9decin de famille soit au c\u0153ur de votre prise en charge, certaines conditions n\u00e9cessitent l\u2019expertise et la [&hellip;]<\/p>\n","protected":false},"author":1,"featured_media":0,"parent":0,"menu_order":0,"comment_status":"closed","ping_status":"closed","template":"","meta":{"footnotes":""},"class_list":["post-2261","page","type-page","status-publish","hentry"],"_links":{"self":[{"href":"https:\/\/physimed.com\/en\/wp-json\/wp\/v2\/pages\/2261","targetHints":{"allow":["GET"]}}],"collection":[{"href":"https:\/\/physimed.com\/en\/wp-json\/wp\/v2\/pages"}],"about":[{"href":"https:\/\/physimed.com\/en\/wp-json\/wp\/v2\/types\/page"}],"author":[{"embeddable":true,"href":"https:\/\/physimed.com\/en\/wp-json\/wp\/v2\/users\/1"}],"replies":[{"embeddable":true,"href":"https:\/\/physimed.com\/en\/wp-json\/wp\/v2\/comments?post=2261"}],"version-history":[{"count":25,"href":"https:\/\/physimed.com\/en\/wp-json\/wp\/v2\/pages\/2261\/revisions"}],"predecessor-version":[{"id":2954,"href":"https:\/\/physimed.com\/en\/wp-json\/wp\/v2\/pages\/2261\/revisions\/2954"}],"wp:attachment":[{"href":"https:\/\/physimed.com\/en\/wp-json\/wp\/v2\/media?parent=2261"}],"curies":[{"name":"wp","href":"https:\/\/api.w.org\/{rel}","templated":true}]}}