{"id":3185,"date":"2025-12-19T16:51:36","date_gmt":"2025-12-19T16:51:36","guid":{"rendered":"https:\/\/physimed.com\/?page_id=3185"},"modified":"2025-12-19T21:31:43","modified_gmt":"2025-12-19T21:31:43","slug":"hormone-therapy","status":"publish","type":"page","link":"https:\/\/physimed.com\/en\/hormonotherapie\/","title":{"rendered":"HORMONOTH\u00c9RAPIE"},"content":{"rendered":"\t\t<div data-elementor-type=\"wp-page\" data-elementor-id=\"3185\" class=\"elementor elementor-3185\" data-elementor-post-type=\"page\">\n\t\t\t\t<div class=\"elementor-element elementor-element-50b25c3 e-flex e-con-boxed e-con e-parent\" data-id=\"50b25c3\" data-element_type=\"container\" data-e-type=\"container\" data-settings=\"{&quot;background_background&quot;:&quot;classic&quot;}\">\n\t\t\t\t\t<div class=\"e-con-inner\">\n\t\t<div class=\"elementor-element elementor-element-3a7fe9e e-con-full e-flex e-con e-child\" data-id=\"3a7fe9e\" data-element_type=\"container\" data-e-type=\"container\">\n\t\t\t\t<div class=\"elementor-element elementor-element-c897773 elementor-widget elementor-widget-heading\" data-id=\"c897773\" data-element_type=\"widget\" data-e-type=\"widget\" data-widget_type=\"heading.default\">\n\t\t\t\t\t<h1 class=\"elementor-heading-title elementor-size-default\"> Hormonoth\u00e9rapie pour femmes<br>  M\u00e9nopause - Pr\u00e9m\u00e9nopause <\/h1>\t\t\t\t<\/div>\n\t\t\t\t<\/div>\n\t\t\t\t\t<\/div>\n\t\t\t\t<\/div>\n\t\t<div class=\"elementor-element elementor-element-268a34b e-flex e-con-boxed e-con e-parent\" data-id=\"268a34b\" data-element_type=\"container\" data-e-type=\"container\" data-settings=\"{&quot;motion_fx_motion_fx_scrolling&quot;:&quot;yes&quot;,&quot;motion_fx_devices&quot;:[&quot;desktop&quot;,&quot;tablet&quot;,&quot;mobile&quot;]}\">\n\t\t\t\t\t<div class=\"e-con-inner\">\n\t\t\t\t<div class=\"elementor-element elementor-element-37ca2e9 elementor-widget elementor-widget-heading\" data-id=\"37ca2e9\" data-element_type=\"widget\" data-e-type=\"widget\" data-widget_type=\"heading.default\">\n\t\t\t\t\t<h2 class=\"elementor-heading-title elementor-size-default\">Comprendre la m\u00e9nopause et la pr\u00e9m\u00e9nopause<\/h2>\t\t\t\t<\/div>\n\t\t\t\t\t<\/div>\n\t\t\t\t<\/div>\n\t\t<div class=\"elementor-element elementor-element-b7c326a e-flex e-con-boxed e-con e-parent\" data-id=\"b7c326a\" data-element_type=\"container\" data-e-type=\"container\">\n\t\t\t\t\t<div class=\"e-con-inner\">\n\t\t\t\t<div class=\"elementor-element elementor-element-14e29f6 elementor-widget elementor-widget-text-editor\" data-id=\"14e29f6\" data-element_type=\"widget\" data-e-type=\"widget\" data-widget_type=\"text-editor.default\">\n\t\t\t\t\t\t\t\t\t<p><span style=\"font-weight: 400;\"> La m\u00e9nopause et la pr\u00e9m\u00e9nopause sont des \u00e9tapes naturelles de la vie, mais elles peuvent \u00eatre marqu\u00e9es par des sympt\u00f4mes physiques et \u00e9motionnels difficiles, parfois m\u00eame invalidants.<\/span><\/p>\t\t\t\t\t\t\t\t<\/div>\n\t\t\t\t\t<\/div>\n\t\t\t\t<\/div>\n\t\t<div class=\"elementor-element elementor-element-1b90435 e-flex e-con-boxed e-con e-parent\" data-id=\"1b90435\" data-element_type=\"container\" data-e-type=\"container\">\n\t\t\t\t\t<div class=\"e-con-inner\">\n\t\t\t\t<div class=\"elementor-element elementor-element-08de34e elementor-widget elementor-widget-text-editor\" data-id=\"08de34e\" data-element_type=\"widget\" data-e-type=\"widget\" data-widget_type=\"text-editor.default\">\n\t\t\t\t\t\t\t\t\t<p>Les sympt\u00f4mes les plus courants incluent :<\/p>\t\t\t\t\t\t\t\t<\/div>\n\t\t\t\t\t<\/div>\n\t\t\t\t<\/div>\n\t\t<div class=\"elementor-element elementor-element-5512eca e-flex e-con-boxed e-con e-parent\" data-id=\"5512eca\" data-element_type=\"container\" data-e-type=\"container\">\n\t\t\t\t\t<div class=\"e-con-inner\">\n\t\t<div class=\"elementor-element elementor-element-67601c8 e-con-full e-flex e-con e-child\" data-id=\"67601c8\" data-element_type=\"container\" data-e-type=\"container\">\n\t\t\t\t<div class=\"elementor-element elementor-element-a9a2713 elementor-widget elementor-widget-text-editor\" data-id=\"a9a2713\" data-element_type=\"widget\" data-e-type=\"widget\" data-widget_type=\"text-editor.default\">\n\t\t\t\t\t\t\t\t\t<ul><li>Bouff\u00e9es de chaleur<\/li><li style=\"font-weight: 400;\" aria-level=\"1\">Insomnie<\/li><li style=\"font-weight: 400;\" aria-level=\"1\">Sautes d\u2019humeur<\/li><li style=\"font-weight: 400;\" aria-level=\"1\">Douleurs articulaires<\/li><li aria-level=\"1\">Baisse de libido<\/li><\/ul>\t\t\t\t\t\t\t\t<\/div>\n\t\t\t\t<\/div>\n\t\t<div class=\"elementor-element elementor-element-70fc217 e-con-full e-flex e-con e-child\" data-id=\"70fc217\" data-element_type=\"container\" data-e-type=\"container\">\n\t\t\t\t<div class=\"elementor-element elementor-element-7436b55 elementor-widget elementor-widget-text-editor\" data-id=\"7436b55\" data-element_type=\"widget\" data-e-type=\"widget\" data-widget_type=\"text-editor.default\">\n\t\t\t\t\t\t\t\t\t<ul><li>S\u00e9cheresse vaginale<\/li><li>Brouillard c\u00e9r\u00e9bral et probl\u00e8mes de concentration<\/li><li>Prise ou variation de poids<\/li><li>Inconfort urinaire<\/li><li style=\"list-style-type: none;\">\u00a0<\/li><\/ul>\t\t\t\t\t\t\t\t<\/div>\n\t\t\t\t<\/div>\n\t\t\t\t\t<\/div>\n\t\t\t\t<\/div>\n\t\t<div class=\"elementor-element elementor-element-3347f6b e-flex e-con-boxed e-con e-parent\" data-id=\"3347f6b\" data-element_type=\"container\" data-e-type=\"container\">\n\t\t\t\t\t<div class=\"e-con-inner\">\n\t\t\t\t<div class=\"elementor-element elementor-element-543cadc elementor-widget elementor-widget-text-editor\" data-id=\"543cadc\" data-element_type=\"widget\" data-e-type=\"widget\" data-widget_type=\"text-editor.default\">\n\t\t\t\t\t\t\t\t\t<p>Ces sympt\u00f4mes peuvent d\u00e9buter des ann\u00e9es avant l\u2019arr\u00eat complet des menstruations et avoir un impact important sur la qualit\u00e9 de vie.<\/p>\t\t\t\t\t\t\t\t<\/div>\n\t\t\t\t\t<\/div>\n\t\t\t\t<\/div>\n\t\t<div class=\"elementor-element elementor-element-9e8b689 e-flex e-con-boxed e-con e-parent\" data-id=\"9e8b689\" data-element_type=\"container\" data-e-type=\"container\">\n\t\t\t\t\t<div class=\"e-con-inner\">\n\t\t\t\t<div class=\"elementor-element elementor-element-1fb951f elementor-widget-divider--view-line elementor-widget elementor-widget-divider\" data-id=\"1fb951f\" data-element_type=\"widget\" data-e-type=\"widget\" data-widget_type=\"divider.default\">\n\t\t\t\t\t\t\t<div class=\"elementor-divider\">\n\t\t\t<span class=\"elementor-divider-separator\">\n\t\t\t\t\t\t<\/span>\n\t\t<\/div>\n\t\t\t\t\t\t<\/div>\n\t\t\t\t\t<\/div>\n\t\t\t\t<\/div>\n\t\t<div class=\"elementor-element elementor-element-42cd84d e-flex e-con-boxed e-con e-parent\" data-id=\"42cd84d\" data-element_type=\"container\" data-e-type=\"container\">\n\t\t\t\t\t<div class=\"e-con-inner\">\n\t\t\t\t<div class=\"elementor-element elementor-element-337ce8d elementor-widget elementor-widget-heading\" data-id=\"337ce8d\" data-element_type=\"widget\" data-e-type=\"widget\" data-widget_type=\"heading.default\">\n\t\t\t\t\t<h2 class=\"elementor-heading-title elementor-size-default\"> <br> Soins personnalis\u00e9s pour la m\u00e9nopause et la pr\u00e9m\u00e9nopause<br><\/h2>\t\t\t\t<\/div>\n\t\t\t\t\t<\/div>\n\t\t\t\t<\/div>\n\t\t<div class=\"elementor-element elementor-element-b6b9df9 e-flex e-con-boxed e-con e-parent\" data-id=\"b6b9df9\" data-element_type=\"container\" data-e-type=\"container\">\n\t\t\t\t\t<div class=\"e-con-inner\">\n\t\t\t\t<div class=\"elementor-element elementor-element-34da72b elementor-widget elementor-widget-text-editor\" data-id=\"34da72b\" data-element_type=\"widget\" data-e-type=\"widget\" data-widget_type=\"text-editor.default\">\n\t\t\t\t\t\t\t\t\t<p><span style=\"font-weight: 400;\">\u00a0<\/span><\/p><p><span style=\"font-weight: 400;\">Chez Physimed, nous offrons une prise en charge compl\u00e8te et personnalis\u00e9e gr\u00e2ce \u00e0 l\u2019hormonoth\u00e9rapie bio-identique, avec un <strong>suivi m\u00e9dical rigoureux et sans liste d\u2019attente<\/strong>.<\/span><\/p><p>Nous offrons une premi\u00e8re rencontre gratuite avec un m\u00e9decin afin de r\u00e9pondre \u00e0 vos questions et de d\u00e9terminer si l\u2019hormonoth\u00e9rapie bio-identique vous convient.<\/p>\t\t\t\t\t\t\t\t<\/div>\n\t\t\t\t\t<\/div>\n\t\t\t\t<\/div>\n\t\t<div class=\"elementor-element elementor-element-cf9193b e-flex e-con-boxed e-con e-parent\" data-id=\"cf9193b\" data-element_type=\"container\" data-e-type=\"container\">\n\t\t\t\t\t<div class=\"e-con-inner\">\n\t\t\t\t<div class=\"elementor-element elementor-element-904e222 elementor-widget-divider--view-line elementor-widget elementor-widget-divider\" data-id=\"904e222\" data-element_type=\"widget\" data-e-type=\"widget\" data-widget_type=\"divider.default\">\n\t\t\t\t\t\t\t<div class=\"elementor-divider\">\n\t\t\t<span class=\"elementor-divider-separator\">\n\t\t\t\t\t\t<\/span>\n\t\t<\/div>\n\t\t\t\t\t\t<\/div>\n\t\t\t\t\t<\/div>\n\t\t\t\t<\/div>\n\t\t<div class=\"elementor-element elementor-element-47d4baa e-flex e-con-boxed e-con e-parent\" data-id=\"47d4baa\" data-element_type=\"container\" data-e-type=\"container\">\n\t\t\t\t\t<div class=\"e-con-inner\">\n\t\t\t\t<div class=\"elementor-element elementor-element-5aaca94 elementor-widget elementor-widget-heading\" data-id=\"5aaca94\" data-element_type=\"widget\" data-e-type=\"widget\" data-widget_type=\"heading.default\">\n\t\t\t\t\t<h2 class=\"elementor-heading-title elementor-size-default\"> Notre programme comprend :<\/h2>\t\t\t\t<\/div>\n\t\t\t\t\t<\/div>\n\t\t\t\t<\/div>\n\t\t<div class=\"elementor-element elementor-element-5b4d037 e-flex e-con-boxed e-con e-parent\" data-id=\"5b4d037\" data-element_type=\"container\" data-e-type=\"container\">\n\t\t\t\t\t<div class=\"e-con-inner\">\n\t\t\t\t<div class=\"elementor-element elementor-element-00fdd69 elementor-widget elementor-widget-text-editor\" data-id=\"00fdd69\" data-element_type=\"widget\" data-e-type=\"widget\" data-widget_type=\"text-editor.default\">\n\t\t\t\t\t\t\t\t\t<ul><li>Une <strong>\u00e9valuation m\u00e9dicale<\/strong> approfondie de vos sympt\u00f4mes et de votre sant\u00e9 globale.<\/li><li style=\"font-weight: 400;\" aria-level=\"1\">Une <strong>analyse sanguine<\/strong> r\u00e9alis\u00e9e <strong>sur place<\/strong> pour \u00e9valuer vos niveaux hormonaux.<\/li><li style=\"font-weight: 400;\" aria-level=\"1\">Un <strong>plan de traitement personnalis\u00e9<\/strong> adapt\u00e9 \u00e0 vos besoins.<\/li><li style=\"font-weight: 400;\" aria-level=\"1\">Une approche holistique int\u00e9gr\u00e9e : physique, \u00e9motionnelle et hormonale.<\/li><li style=\"font-weight: 400;\" aria-level=\"1\">Un suivi \u00e9troit avec notre \u00e9quipe infirmi\u00e8re et m\u00e9dicale.<\/li><\/ul>\t\t\t\t\t\t\t\t<\/div>\n\t\t\t\t\t<\/div>\n\t\t\t\t<\/div>\n\t\t<div class=\"elementor-element elementor-element-3e1f6d7 e-flex e-con-boxed e-con e-parent\" data-id=\"3e1f6d7\" data-element_type=\"container\" data-e-type=\"container\">\n\t\t\t\t\t<div class=\"e-con-inner\">\n\t\t\t\t<div class=\"elementor-element elementor-element-fe23e5a elementor-widget elementor-widget-image\" data-id=\"fe23e5a\" data-element_type=\"widget\" data-e-type=\"widget\" data-widget_type=\"image.default\">\n\t\t\t\t\t\t\t\t\t\t\t\t\t\t\t<img fetchpriority=\"high\" decoding=\"async\" width=\"768\" height=\"512\" src=\"https:\/\/physimed.com\/wp-content\/uploads\/2025\/07\/u7864167568_a_calm_upscale_medical_clinic_setting_where_a_nur_0e9f3059-fef0-4811-a327-f4bb03e6c293_2-min-768x512.png\" class=\"attachment-medium_large size-medium_large wp-image-1223\" alt=\"\" srcset=\"https:\/\/physimed.com\/wp-content\/uploads\/2025\/07\/u7864167568_a_calm_upscale_medical_clinic_setting_where_a_nur_0e9f3059-fef0-4811-a327-f4bb03e6c293_2-min-768x512.png 768w, https:\/\/physimed.com\/wp-content\/uploads\/2025\/07\/u7864167568_a_calm_upscale_medical_clinic_setting_where_a_nur_0e9f3059-fef0-4811-a327-f4bb03e6c293_2-min-300x200.png 300w, https:\/\/physimed.com\/wp-content\/uploads\/2025\/07\/u7864167568_a_calm_upscale_medical_clinic_setting_where_a_nur_0e9f3059-fef0-4811-a327-f4bb03e6c293_2-min-1024x683.png 1024w, https:\/\/physimed.com\/wp-content\/uploads\/2025\/07\/u7864167568_a_calm_upscale_medical_clinic_setting_where_a_nur_0e9f3059-fef0-4811-a327-f4bb03e6c293_2-min.png 1344w\" sizes=\"(max-width: 768px) 100vw, 768px\" \/>\t\t\t\t\t\t\t\t\t\t\t\t\t\t\t<\/div>\n\t\t\t\t\t<\/div>\n\t\t\t\t<\/div>\n\t\t<div class=\"elementor-element elementor-element-403d6e5 e-flex e-con-boxed e-con e-parent\" data-id=\"403d6e5\" data-element_type=\"container\" data-e-type=\"container\">\n\t\t\t\t\t<div class=\"e-con-inner\">\n\t\t\t\t<div class=\"elementor-element elementor-element-75f63e3 elementor-widget-divider--view-line elementor-widget elementor-widget-divider\" data-id=\"75f63e3\" data-element_type=\"widget\" data-e-type=\"widget\" data-widget_type=\"divider.default\">\n\t\t\t\t\t\t\t<div class=\"elementor-divider\">\n\t\t\t<span class=\"elementor-divider-separator\">\n\t\t\t\t\t\t<\/span>\n\t\t<\/div>\n\t\t\t\t\t\t<\/div>\n\t\t\t\t\t<\/div>\n\t\t\t\t<\/div>\n\t\t<div class=\"elementor-element elementor-element-54a8b3c e-flex e-con-boxed e-con e-parent\" data-id=\"54a8b3c\" data-element_type=\"container\" data-e-type=\"container\">\n\t\t\t\t\t<div class=\"e-con-inner\">\n\t\t\t\t<div class=\"elementor-element elementor-element-3a091f8 elementor-widget elementor-widget-heading\" data-id=\"3a091f8\" data-element_type=\"widget\" data-e-type=\"widget\" data-widget_type=\"heading.default\">\n\t\t\t\t\t<h2 class=\"elementor-heading-title elementor-size-default\">\u00c0 qui s\u2019adresse ce service ?<\/h2>\t\t\t\t<\/div>\n\t\t\t\t\t<\/div>\n\t\t\t\t<\/div>\n\t\t<div class=\"elementor-element elementor-element-5e32566 e-flex e-con-boxed e-con e-parent\" data-id=\"5e32566\" data-element_type=\"container\" data-e-type=\"container\">\n\t\t\t\t\t<div class=\"e-con-inner\">\n\t\t\t\t<div class=\"elementor-element elementor-element-3d952a5 elementor-widget elementor-widget-text-editor\" data-id=\"3d952a5\" data-element_type=\"widget\" data-e-type=\"widget\" data-widget_type=\"text-editor.default\">\n\t\t\t\t\t\t\t\t\t<p>Notre service d\u2019hormonoth\u00e9rapie est destin\u00e9 \u00e0 :<\/p><ul><li>Les femmes en pr\u00e9m\u00e9nopause ou m\u00e9nopause ressentant des sympt\u00f4mes incommodants.<\/li><li>Celles qui recherchent une solution naturelle et encadr\u00e9e pour \u00e9quilibrer leurs hormones.<\/li><li>Les patientes souhaitant des soins personnalis\u00e9s et un suivi m\u00e9dical accessible.<\/li><\/ul>\t\t\t\t\t\t\t\t<\/div>\n\t\t\t\t\t<\/div>\n\t\t\t\t<\/div>\n\t\t<div class=\"elementor-element elementor-element-8c72584 e-flex e-con-boxed e-con e-parent\" data-id=\"8c72584\" data-element_type=\"container\" data-e-type=\"container\">\n\t\t\t\t\t<div class=\"e-con-inner\">\n\t\t\t\t<div class=\"elementor-element elementor-element-08bf808 elementor-widget-divider--view-line elementor-widget elementor-widget-divider\" data-id=\"08bf808\" data-element_type=\"widget\" data-e-type=\"widget\" data-widget_type=\"divider.default\">\n\t\t\t\t\t\t\t<div class=\"elementor-divider\">\n\t\t\t<span class=\"elementor-divider-separator\">\n\t\t\t\t\t\t<\/span>\n\t\t<\/div>\n\t\t\t\t\t\t<\/div>\n\t\t\t\t\t<\/div>\n\t\t\t\t<\/div>\n\t\t<div class=\"elementor-element elementor-element-38f7b3c e-flex e-con-boxed e-con e-parent\" data-id=\"38f7b3c\" data-element_type=\"container\" data-e-type=\"container\" data-settings=\"{&quot;background_background&quot;:&quot;classic&quot;}\">\n\t\t\t\t\t<div class=\"e-con-inner\">\n\t\t\t\t<div class=\"elementor-element elementor-element-31763d4c elementor-widget elementor-widget-heading\" data-id=\"31763d4c\" data-element_type=\"widget\" data-e-type=\"widget\" data-widget_type=\"heading.default\">\n\t\t\t\t\t<h2 class=\"elementor-heading-title elementor-size-default\"> Rendez-vous <\/h2>\t\t\t\t<\/div>\n\t\t\t\t<div class=\"elementor-element elementor-element-568341fe elementor-align-center elementor-icon-list--layout-traditional elementor-list-item-link-full_width elementor-widget elementor-widget-icon-list\" data-id=\"568341fe\" data-element_type=\"widget\" data-e-type=\"widget\" data-widget_type=\"icon-list.default\">\n\t\t\t\t\t\t\t<ul class=\"elementor-icon-list-items\">\n\t\t\t\t\t\t\t<li class=\"elementor-icon-list-item\">\n\t\t\t\t\t\t\t\t\t\t<span class=\"elementor-icon-list-text\"><br> Prenez rendez-vous pour une consultation gratuite avec un m\u00e9decin pour obtenir plus de renseignements. <br><br><\/span>\n\t\t\t\t\t\t\t\t\t<\/li>\n\t\t\t\t\t\t\t\t<li class=\"elementor-icon-list-item\">\n\t\t\t\t\t\t\t\t\t\t\t<a href=\"tel:5147478083\">\n\n\t\t\t\t\t\t\t\t\t\t\t\t<span class=\"elementor-icon-list-icon\">\n\t\t\t\t\t\t\t<svg aria-hidden=\"true\" class=\"e-font-icon-svg e-fas-phone-alt\" viewBox=\"0 0 512 512\" xmlns=\"http:\/\/www.w3.org\/2000\/svg\"><path d=\"M497.39 361.8l-112-48a24 24 0 0 0-28 6.9l-49.6 60.6A370.66 370.66 0 0 1 130.6 204.11l60.6-49.6a23.94 23.94 0 0 0 6.9-28l-48-112A24.16 24.16 0 0 0 122.6.61l-104 24A24 24 0 0 0 0 48c0 256.5 207.9 464 464 464a24 24 0 0 0 23.4-18.6l24-104a24.29 24.29 0 0 0-14.01-27.6z\"><\/path><\/svg>\t\t\t\t\t\t<\/span>\n\t\t\t\t\t\t\t\t\t\t<span class=\"elementor-icon-list-text\">514-747-8083<\/span>\n\t\t\t\t\t\t\t\t\t\t\t<\/a>\n\t\t\t\t\t\t\t\t\t<\/li>\n\t\t\t\t\t\t\t\t<li class=\"elementor-icon-list-item\">\n\t\t\t\t\t\t\t\t\t\t\t<a href=\"mailto:mediaspa-physimed.com\">\n\n\t\t\t\t\t\t\t\t\t\t\t\t<span class=\"elementor-icon-list-icon\">\n\t\t\t\t\t\t\t<svg aria-hidden=\"true\" class=\"e-font-icon-svg e-fas-envelope\" viewBox=\"0 0 512 512\" xmlns=\"http:\/\/www.w3.org\/2000\/svg\"><path d=\"M502.3 190.8c3.9-3.1 9.7-.2 9.7 4.7V400c0 26.5-21.5 48-48 48H48c-26.5 0-48-21.5-48-48V195.6c0-5 5.7-7.8 9.7-4.7 22.4 17.4 52.1 39.5 154.1 113.6 21.1 15.4 56.7 47.8 92.2 47.6 35.7.3 72-32.8 92.3-47.6 102-74.1 131.6-96.3 154-113.7zM256 320c23.2.4 56.6-29.2 73.4-41.4 132.7-96.3 142.8-104.7 173.4-128.7 5.8-4.5 9.2-11.5 9.2-18.9v-19c0-26.5-21.5-48-48-48H48C21.5 64 0 85.5 0 112v19c0 7.4 3.4 14.3 9.2 18.9 30.6 23.9 40.7 32.4 173.4 128.7 16.8 12.2 50.2 41.8 73.4 41.4z\"><\/path><\/svg>\t\t\t\t\t\t<\/span>\n\t\t\t\t\t\t\t\t\t\t<span class=\"elementor-icon-list-text\">info@physimed.com<\/span>\n\t\t\t\t\t\t\t\t\t\t\t<\/a>\n\t\t\t\t\t\t\t\t\t<\/li>\n\t\t\t\t\t\t<\/ul>\n\t\t\t\t\t\t<\/div>\n\t\t\t\t\t<\/div>\n\t\t\t\t<\/div>\n\t\t\t\t<\/div>\n\t\t","protected":false},"excerpt":{"rendered":"<p>Hormonoth\u00e9rapie pour femmes M\u00e9nopause &#8211; Pr\u00e9m\u00e9nopause Comprendre la m\u00e9nopause et la pr\u00e9m\u00e9nopause La m\u00e9nopause et la pr\u00e9m\u00e9nopause sont des \u00e9tapes naturelles de la vie, mais elles peuvent \u00eatre marqu\u00e9es par des sympt\u00f4mes physiques et \u00e9motionnels difficiles, parfois m\u00eame invalidants. Les sympt\u00f4mes les plus courants incluent : Bouff\u00e9es de chaleur Insomnie Sautes d\u2019humeur Douleurs articulaires Baisse [&hellip;]<\/p>\n","protected":false},"author":1,"featured_media":0,"parent":0,"menu_order":0,"comment_status":"closed","ping_status":"closed","template":"","meta":{"footnotes":""},"class_list":["post-3185","page","type-page","status-publish","hentry"],"_links":{"self":[{"href":"https:\/\/physimed.com\/en\/wp-json\/wp\/v2\/pages\/3185","targetHints":{"allow":["GET"]}}],"collection":[{"href":"https:\/\/physimed.com\/en\/wp-json\/wp\/v2\/pages"}],"about":[{"href":"https:\/\/physimed.com\/en\/wp-json\/wp\/v2\/types\/page"}],"author":[{"embeddable":true,"href":"https:\/\/physimed.com\/en\/wp-json\/wp\/v2\/users\/1"}],"replies":[{"embeddable":true,"href":"https:\/\/physimed.com\/en\/wp-json\/wp\/v2\/comments?post=3185"}],"version-history":[{"count":11,"href":"https:\/\/physimed.com\/en\/wp-json\/wp\/v2\/pages\/3185\/revisions"}],"predecessor-version":[{"id":3289,"href":"https:\/\/physimed.com\/en\/wp-json\/wp\/v2\/pages\/3185\/revisions\/3289"}],"wp:attachment":[{"href":"https:\/\/physimed.com\/en\/wp-json\/wp\/v2\/media?parent=3185"}],"curies":[{"name":"wp","href":"https:\/\/api.w.org\/{rel}","templated":true}]}}